{"id":12114,"date":"2024-11-06T01:26:08","date_gmt":"2024-11-06T00:26:08","guid":{"rendered":"https:\/\/www.psicologo-strizzacervelli.it\/farmacia\/apt\/fat-burn-active\/"},"modified":"2025-10-31T09:55:19","modified_gmt":"2025-10-31T08:55:19","slug":"fat-burn-active","status":"publish","type":"product","link":"https:\/\/www.bmvmedical.it\/farmacia\/farmacia\/apt\/fat-burn-active\/","title":{"rendered":"Fat Burn Active"},"content":{"rendered":"<h2 class=\"wp-block-heading\">Che cos&#8217;\u00e8 Fat Burn Active e come funziona?<\/h2>\n\n\n<p><b>Fat Burn Active<\/b> \u00e8 un <b>integratore alimentare<\/b> innovativo che combina <b>l&#8217;azione di<\/b> principi attivi studiati per favorire efficacemente i processi di combustione dei grassi. Questo prodotto \u00e8 la soluzione perfetta per coloro che mirano a ridurre il peso corporeo. L&#8217;aspetto fondamentale di Fat Burn Active \u00e8 l&#8217;aumento del tasso metabolico a riposo. Ci\u00f2 consente all&#8217;organismo di bruciare pi\u00f9 calorie, anche in situazioni di inattivit\u00e0 fisica.<\/p>\n\n\n<p>Oltre ad accelerare il metabolismo, l&#8217;<b>integratore<\/b> alimentare Fat Burn Active agisce anche sull&#8217;appetito, il che si traduce in un pi\u00f9 facile mantenimento della dieta. Riduce l&#8217;assorbimento dei grassi dal cibo, favorendo il processo di perdita di peso. <b>Ingredienti<\/b> naturali come l&#8217;estratto di t\u00e8 verde e la caffeina danno energia e migliorano le prestazioni, con un impatto significativo sui risultati dell&#8217;allenamento.<\/p>\n\n\n<p>Fat Burn Active \u00e8 considerato uno dei bruciagrassi pi\u00f9 efficaci, ideale per chi desidera migliorare le proprie prestazioni nella lotta contro l&#8217;eccesso di peso e per chi cura consapevolmente la propria forma fisica.<\/p>\n\n\n<h2 class=\"wp-block-heading\">Benefici di Fat Burn Active &#8211; Effetti<\/h2>\n\n\n<p>L<b>&#8216;uso di<\/b> Fat Burn Active apporta una serie di interessanti <b>benefici<\/b> che possono sostenere in modo significativo il processo di perdita di peso. <b>Gli utenti<\/b> godono di <em>una maggiore energia<\/em>, che si traduce in migliori prestazioni durante l&#8217;allenamento e le attivit\u00e0 fisiche quotidiane.<\/p>\n\n\n<p>Uno degli effetti principali associati a questo bruciagrassi \u00e8 il miglioramento del benessere. Molte persone riferiscono che con l&#8217;uso di Fat Burn Active \u00e8 pi\u00f9 facile controllare l&#8217;appetito. I miglioramenti in questo campo possono contribuire a migliorare il piano alimentare e a mantenere uno stile di vita sano.<\/p>\n\n\n<p>Inoltre, gli <b>effetti di<\/b> Fat Burn Active sono particolarmente evidenti se abbinati a una dieta e a un regolare esercizio fisico. Questa combinazione permette di bruciare i grassi in modo pi\u00f9 efficiente, accelerando il processo di perdita di peso. <b>Gli utilizzatori<\/b> sottolineano che, grazie alla collaborazione di questo preparato con la loro attivit\u00e0, l&#8217;organismo affronta meglio il tessuto adiposo in eccesso.<\/p>\n\n\n<h2 class=\"wp-block-heading\">Come si usa Fat Burn Active &#8211; Istruzioni per l&#8217;uso e dosaggio<\/h2>\n\n\n<p>Per utilizzare Fat Burn Active in modo efficace, \u00e8 necessario seguire le corrette regole di dosaggio. Il produttore consiglia l&#8217;assunzione di una capsula al giorno e per ottenere risultati ottimali \u00e8 consigliabile assumerla al mattino prima dei pasti. In questo modo si massimizzano gli <b>effetti<\/b> brucia-grassi.<\/p>\n\n\n<p>Vale la pena sottolineare che l&#8217;elemento chiave per il successo dell&#8217;uso di Fat Burn Active \u00e8 non superare la dose raccomandata. L&#8217;integratore funziona meglio se associato a una dieta equilibrata e a un&#8217;attivit\u00e0 fisica regolare. Inoltre, un&#8217;adeguata idratazione dell&#8217;organismo \u00e8 importante per ottenere risultati ottimali nella perdita di peso.<\/p>\n\n\n<figure class=\"wp-block-table\"><table class=\"has-fixed-layout\"><tbody><tr><th>Indicazione<\/th><th>Azione raccomandata<\/th><\/tr><tr><td><b>Dosaggio<\/b><\/td><td>1 capsula al giorno<\/td><\/tr><tr><td>Orario di ricevimento migliore<\/td><td>Al mattino prima dei pasti<\/td><\/tr><tr><td>Idratazione<\/td><td>Una quantit\u00e0 adeguata di acqua ogni giorno<\/td><\/tr><tr><td>Dieta<\/td><td>Equilibrato dal punto di vista nutrizionale<\/td><\/tr><tr><td>Attivit\u00e0 fisica<\/td><td>Esercizio fisico regolare<\/td><\/tr><\/tbody><\/table><\/figure>\n\n\n<p>L<b>&#8216;uso di<\/b> Fat Burn Active come indicato sopra aumenta le possibilit\u00e0 di ottenere i risultati desiderati nella perdita di peso.<\/p>\n\n\n<h2 class=\"wp-block-heading\">Fat Burn Active recensioni &#8211; Cosa dicono gli utenti nei forum?<\/h2>\n\n\n<p><b>Le recensioni<\/b> degli utenti di Fat Burn Active mostrano spesso le esperienze positive e i risultati associati al suo utilizzo. Molte persone sui forum condividono i loro successi, attirando cos\u00ec l&#8217;attenzione degli altri. Ecco alcuni dei contributi che si possono trovare nelle discussioni:<\/p>\n\n\n\n<ul class=\"wp-block-list\">\n<li><blockquote><p>Magda, 29 anni: &#8220;Ho usato Fat Burn Active per 3 mesi. Grazie ad esso ho perso 8 kg. Ci\u00f2 che ho notato di pi\u00f9 \u00e8 stato il miglioramento dell&#8217;energia e un migliore controllo dell&#8217;appetito. Lo consiglio a chiunque stia cercando di perdere peso&#8221;.<\/p><\/blockquote><\/li>\n\n\n\n<li><blockquote><p>Tom, 34 anni, ha dichiarato: &#8220;Quando ho iniziato a usare questo bruciatore, la mia resistenza agli allenamenti \u00e8 migliorata notevolmente. Sono riuscito a perdere 5 kg in un mese, cosa che considero un grande successo. Una sorpresa positiva!&#8221;.<\/p><\/blockquote><\/li>\n\n\n\n<li><blockquote><p>Kasia, 26 anni, ha dichiarato: &#8220;Sono soddisfatta di Fat Burn Active. Ho iniziato a sentire meno i morsi della fame, il che mi ha reso molto pi\u00f9 facile attenermi alla dieta. Ho perso 6 kg in due mesi&#8221;.<\/p><\/blockquote><\/li>\n<\/ul>\n\n\n<p><b>Gli utenti<\/b> spesso lodano Fat Burn Active sui forum per la sua efficacia e il suo impatto sul benessere. Queste <b>recensioni<\/b> possono essere una preziosa fonte di informazioni per chi sta pensando di iniziare un trattamento con questo integratore.<\/p>\n\n\n<h2 class=\"wp-block-heading\">Composizione di Fat Burn Active &#8211; Cosa contiene?<\/h2>\n\n\n<p>Fat Burn Active \u00e8 un <b>integratore alimentare<\/b> che contiene <b>ingredienti<\/b> accuratamente selezionati per favorire la perdita di peso. Gli <b>ingredienti<\/b> chiave contenuti in questo prodotto sono:<\/p>\n\n\n\n<ul class=\"wp-block-list\">\n<li><em>Estratto di t\u00e8 verde<\/em> &#8211; noto per le sue propriet\u00e0 di accelerare il metabolismo e ridurre l&#8217;assorbimento dei grassi.<\/li>\n\n\n\n<li><em>Caffeina<\/em> &#8211; ha un effetto stimolante sull&#8217;organismo, aumentando i livelli di energia e la motivazione all&#8217;azione.<\/li>\n\n\n\n<li><em>L-carnitina<\/em> &#8211; favorisce il trasporto degli acidi grassi ai mitocondri, dove vengono bruciati.<\/li>\n\n\n\n<li><em>Fibre<\/em> &#8211; aumentano il senso di saziet\u00e0 e riducono l&#8217;appetito, facilitando il controllo del peso.<\/li>\n<\/ul>\n\n\n<p>La miscela di questi ingredienti contenuta in Fat Burn Active \u00e8 stata studiata per supportare efficacemente l&#8217;organismo nel processo di combustione dei grassi e facilitare il raggiungimento della figura dei vostri sogni.<\/p>\n\n\n<h2 class=\"wp-block-heading\">Prezzo di Fat Burn Active &#8211; Dove si compra?<\/h2>\n\n\n<p>Fat Burn Active \u00e8 disponibile solo sul sito <em>ufficiale del produttore<\/em>. Questa strategia offre ai clienti la certezza dell&#8217;autenticit\u00e0 e della qualit\u00e0 del prodotto. <b>Il prezzo di<\/b> Fat Burn Active pu\u00f2 variare a seconda delle promozioni in corso, quindi visitate regolarmente il sito web per tenere traccia delle ultime offerte.<\/p>\n\n\n<p>Acquistando direttamente dal produttore si riduce al minimo il rischio di acquistare prodotti falsi, che si possono trovare nei negozi di cancelleria o sui portali di aste. In un luogo affidabile come <em>un produttore ufficiale<\/em>, i clienti troveranno anche informazioni complete sul prodotto e sui suoi ingredienti.<\/p>\n\n\n<p>Non vale la pena correre il rischio di acquistare Fat Burn Active in luoghi non autorizzati dal produttore. Solo presso un punto vendita ufficiale si pu\u00f2 essere certi di ottenere un prodotto di alta qualit\u00e0.<\/p>\n\n\n<h2 class=\"wp-block-heading\">Fat Burn Active &#8211; Effetti collaterali e controindicazioni &#8211; \u00c8 sicuro?<\/h2>\n\n\n<p>Fat Burn Active, sebbene sia considerato un integratore efficace, pu\u00f2 essere associato ad alcuni <strong>effetti collaterali<\/strong>. Gli utilizzatori riferiscono spesso sintomi come aumento della pressione sanguigna, nervosismo o problemi di sonno, che possono essere particolarmente acuti per chi \u00e8 sensibile alla caffeina. \u00c8 quindi importante affrontare il suo utilizzo con cautela.<\/p>\n\n\n<p><b>La sicurezza di<\/b> Fat Burn Active \u00e8 da tenere in considerazione prima di iniziare l&#8217;integrazione. Le persone affette da malattie cardiache, disturbi della pressione sanguigna o altre condizioni gravi dovrebbero consultare il proprio medico. <strong>Le controindicazioni<\/strong> includono anche la gravidanza e l&#8217;allattamento, che possono influire negativamente sulla salute della madre o del bambino.<\/p>\n\n\n<p>Il corpo di ognuno di noi \u00e8 diverso, quindi \u00e8 estremamente importante ascoltare i segnali del proprio corpo quando si utilizzano gli integratori, compreso Fat Burn Active. La prudenza massimizzer\u00e0 i <b>benefici dell&#8217;<\/b> integrazione, riducendo al minimo il rischio di effetti negativi.<\/p>\n","protected":false},"excerpt":{"rendered":"<p><strong>[date_countdown]<\/strong><\/p>\n<p><img decoding=\"async\" class=\"alignnone  wp-image-12574\" src=\"https:\/\/www.bmvmedical.it\/farmacia\/wp-content\/uploads\/2024\/11\/SAFE-PAY-300x88-1.png\" alt=\"SAFE-PAY-300x88\" width=\"201\" height=\"59\" \/><\/p>\n","protected":false},"featured_media":12113,"comment_status":"open","ping_status":"closed","template":"","meta":{"neve_meta_sidebar":"","neve_meta_container":"","neve_meta_enable_content_width":"","neve_meta_content_width":0,"neve_meta_title_alignment":"","neve_meta_author_avatar":"","neve_post_elements_order":"","neve_meta_disable_header":"","neve_meta_disable_footer":"","neve_meta_disable_title":""},"product_brand":[],"product_cat":[329,565],"product_tag":[],"class_list":{"0":"post-12114","1":"product","2":"type-product","3":"status-publish","4":"has-post-thumbnail","6":"product_cat-dimagrimento","7":"product_cat-t","9":"first","10":"instock","11":"sale","12":"shipping-taxable","13":"product-type-external"},"yoast_head":"<!-- This site is optimized with the Yoast SEO plugin v27.3 - https:\/\/yoast.com\/product\/yoast-seo-wordpress\/ -->\n<title>Fat Burn Active - Recensioni, Forum, Prezzo, Effetti, Farmacia | -50%<\/title>\n<meta name=\"robots\" content=\"index, follow, max-snippet:-1, max-image-preview:large, max-video-preview:-1\" \/>\n<link rel=\"canonical\" href=\"https:\/\/www.bmvmedical.it\/farmacia\/farmacia\/apt\/fat-burn-active\/\" \/>\n<meta property=\"og:locale\" content=\"it_IT\" \/>\n<meta property=\"og:type\" content=\"article\" \/>\n<meta property=\"og:title\" content=\"Fat Burn Active - Recensioni, Forum, Prezzo, Effetti, Farmacia | -50%\" \/>\n<meta property=\"og:url\" content=\"https:\/\/www.bmvmedical.it\/farmacia\/farmacia\/apt\/fat-burn-active\/\" \/>\n<meta property=\"og:site_name\" content=\"BMVMEDICAL\" \/>\n<meta property=\"article:modified_time\" content=\"2025-10-31T08:55:19+00:00\" \/>\n<meta property=\"og:image\" content=\"https:\/\/www.bmvmedical.it\/farmacia\/wp-content\/uploads\/2024\/11\/Fat-Burn-Active.jpg\" \/>\n\t<meta property=\"og:image:width\" content=\"768\" \/>\n\t<meta property=\"og:image:height\" content=\"768\" \/>\n\t<meta property=\"og:image:type\" content=\"image\/jpeg\" \/>\n<meta name=\"twitter:card\" content=\"summary_large_image\" \/>\n<meta name=\"twitter:description\" content=\"[date_countdown]\" \/>\n<meta name=\"twitter:label1\" content=\"Tempo di lettura stimato\" \/>\n\t<meta name=\"twitter:data1\" content=\"6 minuti\" \/>\n<script type=\"application\/ld+json\" class=\"yoast-schema-graph\">{\"@context\":\"https:\\\/\\\/schema.org\",\"@graph\":[{\"@type\":\"WebPage\",\"@id\":\"https:\\\/\\\/www.bmvmedical.it\\\/farmacia\\\/farmacia\\\/apt\\\/fat-burn-active\\\/\",\"url\":\"https:\\\/\\\/www.bmvmedical.it\\\/farmacia\\\/farmacia\\\/apt\\\/fat-burn-active\\\/\",\"name\":\"Fat Burn Active - Recensioni, Forum, Prezzo, Effetti, Farmacia | -50%\",\"isPartOf\":{\"@id\":\"https:\\\/\\\/www.bmvmedical.it\\\/farmacia\\\/#website\"},\"primaryImageOfPage\":{\"@id\":\"https:\\\/\\\/www.bmvmedical.it\\\/farmacia\\\/farmacia\\\/apt\\\/fat-burn-active\\\/#primaryimage\"},\"image\":{\"@id\":\"https:\\\/\\\/www.bmvmedical.it\\\/farmacia\\\/farmacia\\\/apt\\\/fat-burn-active\\\/#primaryimage\"},\"thumbnailUrl\":\"https:\\\/\\\/www.bmvmedical.it\\\/farmacia\\\/wp-content\\\/uploads\\\/2024\\\/11\\\/Fat-Burn-Active.jpg\",\"datePublished\":\"2024-11-06T00:26:08+00:00\",\"dateModified\":\"2025-10-31T08:55:19+00:00\",\"breadcrumb\":{\"@id\":\"https:\\\/\\\/www.bmvmedical.it\\\/farmacia\\\/farmacia\\\/apt\\\/fat-burn-active\\\/#breadcrumb\"},\"inLanguage\":\"it-IT\",\"potentialAction\":[{\"@type\":\"ReadAction\",\"target\":[\"https:\\\/\\\/www.bmvmedical.it\\\/farmacia\\\/farmacia\\\/apt\\\/fat-burn-active\\\/\"]}]},{\"@type\":\"ImageObject\",\"inLanguage\":\"it-IT\",\"@id\":\"https:\\\/\\\/www.bmvmedical.it\\\/farmacia\\\/farmacia\\\/apt\\\/fat-burn-active\\\/#primaryimage\",\"url\":\"https:\\\/\\\/www.bmvmedical.it\\\/farmacia\\\/wp-content\\\/uploads\\\/2024\\\/11\\\/Fat-Burn-Active.jpg\",\"contentUrl\":\"https:\\\/\\\/www.bmvmedical.it\\\/farmacia\\\/wp-content\\\/uploads\\\/2024\\\/11\\\/Fat-Burn-Active.jpg\",\"width\":768,\"height\":768},{\"@type\":\"BreadcrumbList\",\"@id\":\"https:\\\/\\\/www.bmvmedical.it\\\/farmacia\\\/farmacia\\\/apt\\\/fat-burn-active\\\/#breadcrumb\",\"itemListElement\":[{\"@type\":\"ListItem\",\"position\":1,\"name\":\"Strona g\u0142\u00f3wna\",\"item\":\"https:\\\/\\\/www.bmvmedical.it\\\/farmacia\\\/\"},{\"@type\":\"ListItem\",\"position\":2,\"name\":\"Prodotti\",\"item\":\"https:\\\/\\\/www.bmvmedical.it\\\/farmacia\\\/\"},{\"@type\":\"ListItem\",\"position\":3,\"name\":\"Fat Burn Active\"}]},{\"@type\":\"WebSite\",\"@id\":\"https:\\\/\\\/www.bmvmedical.it\\\/farmacia\\\/#website\",\"url\":\"https:\\\/\\\/www.bmvmedical.it\\\/farmacia\\\/\",\"name\":\"BMVMEDICAL\",\"description\":\"\",\"potentialAction\":[{\"@type\":\"SearchAction\",\"target\":{\"@type\":\"EntryPoint\",\"urlTemplate\":\"https:\\\/\\\/www.bmvmedical.it\\\/farmacia\\\/?s={search_term_string}\"},\"query-input\":{\"@type\":\"PropertyValueSpecification\",\"valueRequired\":true,\"valueName\":\"search_term_string\"}}],\"inLanguage\":\"it-IT\"}]}<\/script>\n<!-- \/ Yoast SEO plugin. -->","yoast_head_json":{"title":"Fat Burn Active - Recensioni, Forum, Prezzo, Effetti, Farmacia | -50%","robots":{"index":"index","follow":"follow","max-snippet":"max-snippet:-1","max-image-preview":"max-image-preview:large","max-video-preview":"max-video-preview:-1"},"canonical":"https:\/\/www.bmvmedical.it\/farmacia\/farmacia\/apt\/fat-burn-active\/","og_locale":"it_IT","og_type":"article","og_title":"Fat Burn Active - Recensioni, Forum, Prezzo, Effetti, Farmacia | -50%","og_url":"https:\/\/www.bmvmedical.it\/farmacia\/farmacia\/apt\/fat-burn-active\/","og_site_name":"BMVMEDICAL","article_modified_time":"2025-10-31T08:55:19+00:00","og_image":[{"width":768,"height":768,"url":"https:\/\/www.bmvmedical.it\/farmacia\/wp-content\/uploads\/2024\/11\/Fat-Burn-Active.jpg","type":"image\/jpeg"}],"twitter_card":"summary_large_image","twitter_description":"[date_countdown]","twitter_misc":{"Tempo di lettura stimato":"6 minuti"},"schema":{"@context":"https:\/\/schema.org","@graph":[{"@type":"WebPage","@id":"https:\/\/www.bmvmedical.it\/farmacia\/farmacia\/apt\/fat-burn-active\/","url":"https:\/\/www.bmvmedical.it\/farmacia\/farmacia\/apt\/fat-burn-active\/","name":"Fat Burn Active - Recensioni, Forum, Prezzo, Effetti, Farmacia | -50%","isPartOf":{"@id":"https:\/\/www.bmvmedical.it\/farmacia\/#website"},"primaryImageOfPage":{"@id":"https:\/\/www.bmvmedical.it\/farmacia\/farmacia\/apt\/fat-burn-active\/#primaryimage"},"image":{"@id":"https:\/\/www.bmvmedical.it\/farmacia\/farmacia\/apt\/fat-burn-active\/#primaryimage"},"thumbnailUrl":"https:\/\/www.bmvmedical.it\/farmacia\/wp-content\/uploads\/2024\/11\/Fat-Burn-Active.jpg","datePublished":"2024-11-06T00:26:08+00:00","dateModified":"2025-10-31T08:55:19+00:00","breadcrumb":{"@id":"https:\/\/www.bmvmedical.it\/farmacia\/farmacia\/apt\/fat-burn-active\/#breadcrumb"},"inLanguage":"it-IT","potentialAction":[{"@type":"ReadAction","target":["https:\/\/www.bmvmedical.it\/farmacia\/farmacia\/apt\/fat-burn-active\/"]}]},{"@type":"ImageObject","inLanguage":"it-IT","@id":"https:\/\/www.bmvmedical.it\/farmacia\/farmacia\/apt\/fat-burn-active\/#primaryimage","url":"https:\/\/www.bmvmedical.it\/farmacia\/wp-content\/uploads\/2024\/11\/Fat-Burn-Active.jpg","contentUrl":"https:\/\/www.bmvmedical.it\/farmacia\/wp-content\/uploads\/2024\/11\/Fat-Burn-Active.jpg","width":768,"height":768},{"@type":"BreadcrumbList","@id":"https:\/\/www.bmvmedical.it\/farmacia\/farmacia\/apt\/fat-burn-active\/#breadcrumb","itemListElement":[{"@type":"ListItem","position":1,"name":"Strona g\u0142\u00f3wna","item":"https:\/\/www.bmvmedical.it\/farmacia\/"},{"@type":"ListItem","position":2,"name":"Prodotti","item":"https:\/\/www.bmvmedical.it\/farmacia\/"},{"@type":"ListItem","position":3,"name":"Fat Burn Active"}]},{"@type":"WebSite","@id":"https:\/\/www.bmvmedical.it\/farmacia\/#website","url":"https:\/\/www.bmvmedical.it\/farmacia\/","name":"BMVMEDICAL","description":"","potentialAction":[{"@type":"SearchAction","target":{"@type":"EntryPoint","urlTemplate":"https:\/\/www.bmvmedical.it\/farmacia\/?s={search_term_string}"},"query-input":{"@type":"PropertyValueSpecification","valueRequired":true,"valueName":"search_term_string"}}],"inLanguage":"it-IT"}]}},"_links":{"self":[{"href":"https:\/\/www.bmvmedical.it\/farmacia\/wp-json\/wp\/v2\/product\/12114","targetHints":{"allow":["GET"]}}],"collection":[{"href":"https:\/\/www.bmvmedical.it\/farmacia\/wp-json\/wp\/v2\/product"}],"about":[{"href":"https:\/\/www.bmvmedical.it\/farmacia\/wp-json\/wp\/v2\/types\/product"}],"replies":[{"embeddable":true,"href":"https:\/\/www.bmvmedical.it\/farmacia\/wp-json\/wp\/v2\/comments?post=12114"}],"wp:featuredmedia":[{"embeddable":true,"href":"https:\/\/www.bmvmedical.it\/farmacia\/wp-json\/wp\/v2\/media\/12113"}],"wp:attachment":[{"href":"https:\/\/www.bmvmedical.it\/farmacia\/wp-json\/wp\/v2\/media?parent=12114"}],"wp:term":[{"taxonomy":"product_brand","embeddable":true,"href":"https:\/\/www.bmvmedical.it\/farmacia\/wp-json\/wp\/v2\/product_brand?post=12114"},{"taxonomy":"product_cat","embeddable":true,"href":"https:\/\/www.bmvmedical.it\/farmacia\/wp-json\/wp\/v2\/product_cat?post=12114"},{"taxonomy":"product_tag","embeddable":true,"href":"https:\/\/www.bmvmedical.it\/farmacia\/wp-json\/wp\/v2\/product_tag?post=12114"}],"curies":[{"name":"wp","href":"https:\/\/api.w.org\/{rel}","templated":true}]}}