{"id":12118,"date":"2024-11-06T01:26:09","date_gmt":"2024-11-06T00:26:09","guid":{"rendered":"https:\/\/www.psicologo-strizzacervelli.it\/farmacia\/apt\/fibre-select\/"},"modified":"2025-10-31T09:46:15","modified_gmt":"2025-10-31T08:46:15","slug":"fibre-select","status":"publish","type":"product","link":"https:\/\/www.bmvmedical.it\/farmacia\/farmacia\/apt\/fibre-select\/","title":{"rendered":"Fibre Select"},"content":{"rendered":"<h2 class=\"wp-block-heading\">Cos&#8217;\u00e8 Fibre Select e come funziona?<\/h2>\n\n\n<p><b>Fibre Select<\/b> \u00e8 un <b>integratore alimentare<\/b> innovativo a base di fibre vitali. Il suo scopo principale \u00e8 quello di sostenere l&#8217;organismo nei suoi processi di depurazione e di facilitare la perdita di peso. <b>Che cos&#8217;\u00e8 Fibre Select<\/b>? \u00c8 una formula che fornisce ingredienti preziosi per migliorare il funzionamento dell&#8217;apparato digerente.<\/p>\n\n\n<p>L<b>&#8216;azione di Fibre Select<\/b> si concentra sull&#8217;eliminazione delle tossine accumulate nell&#8217;organismo, con un effetto significativo sulla disintossicazione. La <b>fibra<\/b> vitale, ingrediente chiave di questo integratore, regola i processi digestivi e previene la stitichezza. Inoltre, contribuisce a prolungare il senso di saziet\u00e0, facilitando il controllo dell&#8217;appetito e la riduzione dell&#8217;apporto calorico.<\/p>\n\n\n<p>Vale la pena notare che Fiber Select ha un effetto prebiotico, favorendo lo sviluppo di una flora intestinale sana. In questo modo, sostiene la salute generale dell&#8217;organismo e migliora il benessere degli utilizzatori di questo integratore.<\/p>\n\n\n<h2 class=\"wp-block-heading\">Benefici di Fibre Select &#8211; Effetti<\/h2>\n\n\n<p>L&#8217;uso di Fibre Select ha molti benefici per la salute che possono fare una differenza significativa nella vita quotidiana. Tra i principali effetti dell&#8217;uso di questo prodotto vi sono:<\/p>\n\n\n\n<ul class=\"wp-block-list\">\n<li><em>Riduzione del peso<\/em>: La <b>fibra<\/b> vitale contenuta in Fibre Select aumenta il senso di saziet\u00e0, con conseguente riduzione dell&#8217;apporto calorico e una pi\u00f9 efficace perdita di peso.<\/li>\n\n\n\n<li><em>Depurazione dell&#8217;organismo<\/em>: L&#8217;assunzione regolare di fibre favorisce i processi di disintossicazione, eliminando le sostanze nocive dall&#8217;organismo.<\/li>\n\n\n\n<li><em>Miglioramento della digestione<\/em>: Il prodotto regola l&#8217;apparato digerente, previene il gonfiore e la stitichezza, consentendo un migliore assorbimento dei nutrienti.<\/li>\n\n\n\n<li><em>Rafforzamento del sistema immunitario<\/em>: L&#8217;uso frequente di Fibre Select aiuta a costruire una flora intestinale sana, che favorisce l&#8217;assorbimento di vitamine e minerali nell&#8217;organismo.<\/li>\n<\/ul>\n\n\n<p>Ognuno di questi benefici contribuisce a migliorare complessivamente il benessere e la qualit\u00e0 della vita, rendendo Fibre Select un prodotto che vale la pena di prendere in considerazione per chiunque voglia apportare cambiamenti positivi alla propria vita.<\/p>\n\n\n<figure class=\"wp-block-table\"><table class=\"has-fixed-layout\"><tbody><tr><th>Vantaggi di Fibre Select<\/th><th>Effetti dell&#8217;uso<\/th><\/tr><tr><td>Riduzione del peso<\/td><td>Riduzione dell&#8217;apporto calorico<\/td><\/tr><tr><td><b>Pulizia<\/b> del corpo<\/td><td>Eliminazione delle tossine<\/td><\/tr><tr><td>Migliorare la digestione<\/td><td>Miglioramento dell&#8217;assorbimento dei nutrienti<\/td><\/tr><tr><td>Rafforzare il sistema immunitario<\/td><td>Flora intestinale sana<\/td><\/tr><\/tbody><\/table><\/figure>\n\n\n<h2 class=\"wp-block-heading\">Come utilizzare correttamente Fibre Select &#8211; Dosaggio<\/h2>\n\n\n<p>Per ottenere i migliori risultati da <em>Fibre Select<\/em>, il dosaggio corretto \u00e8 fondamentale. Le regole per l&#8217;utilizzo delle fibre negli integratori alimentari sono chiare e richiedono regolarit\u00e0. Si consiglia di assumere una capsula due volte al giorno. \u00c8 consigliabile bere molta acqua insieme alla capsula, che facilita l&#8217;assorbimento delle fibre nell&#8217;organismo.<\/p>\n\n\n<p>\u00c8 consigliabile iniziare con l&#8217;assunzione di una capsula prima dei pasti. \u00c8 possibile assumere <b>Fibre<\/b> <em>Select<\/em> anche durante il pasto, per controllare meglio il senso di saziet\u00e0. La regolarit\u00e0 nell&#8217;assunzione dell&#8217;integratore alimentare, con orari fissi, influenza in modo significativo gli effetti del trattamento.<\/p>\n\n\n<p>Prima di iniziare l&#8217;integrazione \u00e8 necessario chiedere il parere del medico, soprattutto se si hanno problemi di salute. Di seguito \u00e8 riportato un esempio di dosaggio e di regole d&#8217;uso sotto forma di tabella:<\/p>\n\n\n<figure class=\"wp-block-table\"><table class=\"has-fixed-layout\"><tbody><tr><th>Passo<\/th><th>Dose<\/th><th>Guida<\/th><\/tr><tr><td>1<\/td><td>1 capsula<\/td><td>Prima dei pasti<\/td><\/tr><tr><td>2<\/td><td>1 capsula<\/td><td>Durante il pasto<\/td><\/tr><tr><td>3<\/td><td>250 ml di acqua<\/td><td>Per bere le capsule<\/td><\/tr><tr><td>4<\/td><td>Giornaliero<\/td><td>Orari di ricezione fissi<\/td><\/tr><\/tbody><\/table><\/figure>\n\n\n<p>L<b>&#8216;uso di fibre<\/b> nella dieta quotidiana pu\u00f2 apportare molti benefici alla salute. Per ottenere risultati soddisfacenti, \u00e8 importante seguire le raccomandazioni di dosaggio e le modalit\u00e0 di assunzione.<\/p>\n\n\n<h2 class=\"wp-block-heading\">Fibre Select &#8211; Opinioni e recensioni, Forum<\/h2>\n\n\n<p><b>Le recensioni degli utenti<\/b> di Fibre Select indicano che \u00e8 efficace per la perdita di peso e la depurazione dell&#8217;organismo. Molte persone notano risultati positivi gi\u00e0 dopo un breve periodo di utilizzo. Nelle recensioni di Fibre Select si trovano spesso dichiarazioni di soddisfazione che ne sottolineano i benefici.<\/p>\n\n\n\n<blockquote class=\"wp-block-quote is-layout-flow wp-block-quote-is-layout-flow\"><p>&#8220;Dopo molti tentativi, ho finalmente trovato un prodotto che funziona! Ho notato un effetto gi\u00e0 dopo poche settimane. Mi sento pi\u00f9 leggera e ho una migliore digestione&#8221;. &#8211; Kasia<\/p>\n<\/blockquote>\n\n\n\n<blockquote class=\"wp-block-quote is-layout-flow wp-block-quote-is-layout-flow\"><p>&#8220;Fibre Select \u00e8 diventato una parte fondamentale della mia routine quotidiana. Mi aiuta a controllare l&#8217;appetito e riduce il gonfiore. Altamente raccomandato!&#8221; &#8211; Marek<\/p>\n<\/blockquote>\n\n\n\n<blockquote class=\"wp-block-quote is-layout-flow wp-block-quote-is-layout-flow\"><p>&#8220;Ho iniziato a usare Fibre Select un anno fa e sono molto soddisfatto. Non solo mi sono sentita meglio, ma ho anche notato una perdita di peso. Lo consiglio vivamente a tutti!&#8221;. &#8211; Ania<\/p>\n<\/blockquote>\n\n\n<p><b>Il forum di discussione<\/b> su Fibre Select si sofferma spesso sulla composizione naturale del prodotto, che influenza in modo significativo la fiducia degli utenti. Numerose recensioni e feedback confermano che Fibre Select pu\u00f2 essere un supporto efficace nella ricerca di uno stile di vita pi\u00f9 sano.<\/p>\n\n\n<h2 class=\"wp-block-heading\">Fibre Select &#8211; Composizione &#8211; Analisi degli ingredienti<\/h2>\n\n\n<p>Fibre Select si distingue per la sua composizione accuratamente selezionata, che mira a sostenere i processi di depurazione e di perdita di peso dell&#8217;organismo. Nell&#8217;analisi degli ingredienti si possono distinguere diversi elementi chiave, quali:<\/p>\n\n\n\n<ul class=\"wp-block-list\">\n<li><em>Fibra vitale<\/em>: \u00e8 l&#8217;ingrediente principale che aiuta a regolare la digestione e il senso di saziet\u00e0. La sua presenza ha un effetto benefico sulla peristalsi intestinale.<\/li>\n\n\n\n<li><em>Frutto-oligosaccaridi<\/em>: hanno un effetto prebiotico che contribuisce a sostenere una microflora intestinale sana. Forniscono cibo ai batteri buoni dell&#8217;intestino.<\/li>\n\n\n\n<li><em>Clorella<\/em>: Ricca di antiossidanti, favorisce i processi di disintossicazione dell&#8217;organismo, aiutando a eliminare le sostanze nocive.<\/li>\n\n\n\n<li><em>Vitamina C<\/em>: rafforza il sistema immunitario e neutralizza i radicali liberi per la salute generale.<\/li>\n\n\n\n<li><em>Lievito di birra<\/em>: sostiene l&#8217;apparato digerente fornendo vitamine del gruppo B e preziosi minerali.<\/li>\n<\/ul>\n\n\n<p>Questa complessa <b>formulazione di Fibre Select<\/b> consente un&#8217;azione poliedrica, apportando i massimi benefici alla salute e alla qualit\u00e0 della vita degli utenti.<\/p>\n\n\n<h2 class=\"wp-block-heading\">Dove acquistare e quanto costa Fibre Select &#8211; prezzo<\/h2>\n\n\n<p>Per acquistare Fibre Select, un passo fondamentale \u00e8 visitare il sito ufficiale del produttore. Il prodotto \u00e8 disponibile solo attraverso fonti affidabili, il che protegge i consumatori da frodi e falsificazioni. L&#8217;acquisto presso le farmacie o le drogherie non \u00e8 possibile, per cui il sito web del produttore \u00e8 il principale luogo di vendita.<\/p>\n\n\n<p>Vale anche la pena di prestare attenzione al prezzo attuale. Il costo di Fibre Select pu\u00f2 variare a seconda delle promozioni in corso, che spesso arrivano fino al -50%. Controllare regolarmente l&#8217;offerta sul sito web del produttore pu\u00f2 portare a un risparmio tangibile, rendendo il prodotto pi\u00f9 accessibile a chiunque sia interessato a uno stile di vita sano.<\/p>\n\n\n<h2 class=\"wp-block-heading\">Potenziali effetti collaterali e controindicazioni di Fibre Select<\/h2>\n\n\n<p>Come molti altri integratori alimentari, anche Fibre Select pu\u00f2 causare alcuni effetti collaterali. I sintomi pi\u00f9 comunemente segnalati sono dolori addominali, gonfiore e indigestione, soprattutto nelle persone che aumentano improvvisamente l&#8217;apporto di fibre nei loro pasti. Sebbene molte persone utilizzino questo integratore senza problemi, \u00e8 importante essere consapevoli dei potenziali problemi di salute.<\/p>\n\n\n<p>Le persone allergiche a qualsiasi ingrediente dell&#8217;integratore dovrebbero evitarne l&#8217;assunzione. Tra le <b>controindicazioni<\/b> si annoverano anche i soggetti affetti da patologie gastrointestinali, che potrebbero richiedere il consulto di un medico prima di iniziare il trattamento. \u00c8 sempre bene essere cauti sulla <b>sicurezza degli integratori<\/b>, soprattutto per chi ha condizioni mediche preesistenti.<\/p>\n\n\n<p>Inoltre, le donne in gravidanza e in allattamento dovrebbero consultare il medico prima di utilizzare Fibre Select. In questo modo si evitano effetti collaterali indesiderati e si garantisce la sicurezza della madre e del bambino. La cautela e l&#8217;approccio ponderato all&#8217;integrazione aiutano a ottenere i risultati desiderati senza rischi per la salute.<\/p>\n","protected":false},"excerpt":{"rendered":"<p><strong>[date_countdown]<\/strong><\/p>\n<p><img decoding=\"async\" class=\"alignnone  wp-image-12574\" src=\"https:\/\/www.bmvmedical.it\/farmacia\/wp-content\/uploads\/2024\/11\/SAFE-PAY-300x88-1.png\" alt=\"SAFE-PAY-300x88\" width=\"201\" height=\"59\" \/><\/p>\n","protected":false},"featured_media":12117,"comment_status":"open","ping_status":"closed","template":"","meta":{"neve_meta_sidebar":"","neve_meta_container":"","neve_meta_enable_content_width":"","neve_meta_content_width":0,"neve_meta_title_alignment":"","neve_meta_author_avatar":"","neve_post_elements_order":"","neve_meta_disable_header":"","neve_meta_disable_footer":"","neve_meta_disable_title":""},"product_brand":[],"product_cat":[113],"product_tag":[],"class_list":{"0":"post-12118","1":"product","2":"type-product","3":"status-publish","4":"has-post-thumbnail","6":"product_cat-salute","8":"first","9":"instock","10":"sale","11":"shipping-taxable","12":"product-type-external"},"yoast_head":"<!-- This site is optimized with the Yoast SEO plugin v27.3 - https:\/\/yoast.com\/product\/yoast-seo-wordpress\/ -->\n<title>Fibre Select - Recensioni, Forum, Prezzo, Effetti, Farmacia | -50%<\/title>\n<meta name=\"robots\" content=\"index, follow, max-snippet:-1, max-image-preview:large, max-video-preview:-1\" \/>\n<link rel=\"canonical\" href=\"https:\/\/www.bmvmedical.it\/farmacia\/farmacia\/apt\/fibre-select\/\" \/>\n<meta property=\"og:locale\" content=\"it_IT\" \/>\n<meta property=\"og:type\" content=\"article\" \/>\n<meta property=\"og:title\" content=\"Fibre Select - Recensioni, Forum, Prezzo, Effetti, Farmacia | -50%\" \/>\n<meta property=\"og:url\" content=\"https:\/\/www.bmvmedical.it\/farmacia\/farmacia\/apt\/fibre-select\/\" \/>\n<meta property=\"og:site_name\" content=\"BMVMEDICAL\" \/>\n<meta property=\"article:modified_time\" content=\"2025-10-31T08:46:15+00:00\" \/>\n<meta property=\"og:image\" content=\"https:\/\/www.bmvmedical.it\/farmacia\/wp-content\/uploads\/2024\/11\/Fibre-Select.jpg\" \/>\n\t<meta property=\"og:image:width\" content=\"768\" \/>\n\t<meta property=\"og:image:height\" content=\"768\" \/>\n\t<meta property=\"og:image:type\" content=\"image\/jpeg\" \/>\n<meta name=\"twitter:card\" content=\"summary_large_image\" \/>\n<meta name=\"twitter:description\" content=\"[date_countdown]\" \/>\n<meta name=\"twitter:label1\" content=\"Tempo di lettura stimato\" \/>\n\t<meta name=\"twitter:data1\" content=\"1 minuto\" \/>\n<script type=\"application\/ld+json\" class=\"yoast-schema-graph\">{\"@context\":\"https:\\\/\\\/schema.org\",\"@graph\":[{\"@type\":\"WebPage\",\"@id\":\"https:\\\/\\\/www.bmvmedical.it\\\/farmacia\\\/farmacia\\\/apt\\\/fibre-select\\\/\",\"url\":\"https:\\\/\\\/www.bmvmedical.it\\\/farmacia\\\/farmacia\\\/apt\\\/fibre-select\\\/\",\"name\":\"Fibre Select - Recensioni, Forum, Prezzo, Effetti, Farmacia | -50%\",\"isPartOf\":{\"@id\":\"https:\\\/\\\/www.bmvmedical.it\\\/farmacia\\\/#website\"},\"primaryImageOfPage\":{\"@id\":\"https:\\\/\\\/www.bmvmedical.it\\\/farmacia\\\/farmacia\\\/apt\\\/fibre-select\\\/#primaryimage\"},\"image\":{\"@id\":\"https:\\\/\\\/www.bmvmedical.it\\\/farmacia\\\/farmacia\\\/apt\\\/fibre-select\\\/#primaryimage\"},\"thumbnailUrl\":\"https:\\\/\\\/www.bmvmedical.it\\\/farmacia\\\/wp-content\\\/uploads\\\/2024\\\/11\\\/Fibre-Select.jpg\",\"datePublished\":\"2024-11-06T00:26:09+00:00\",\"dateModified\":\"2025-10-31T08:46:15+00:00\",\"breadcrumb\":{\"@id\":\"https:\\\/\\\/www.bmvmedical.it\\\/farmacia\\\/farmacia\\\/apt\\\/fibre-select\\\/#breadcrumb\"},\"inLanguage\":\"it-IT\",\"potentialAction\":[{\"@type\":\"ReadAction\",\"target\":[\"https:\\\/\\\/www.bmvmedical.it\\\/farmacia\\\/farmacia\\\/apt\\\/fibre-select\\\/\"]}]},{\"@type\":\"ImageObject\",\"inLanguage\":\"it-IT\",\"@id\":\"https:\\\/\\\/www.bmvmedical.it\\\/farmacia\\\/farmacia\\\/apt\\\/fibre-select\\\/#primaryimage\",\"url\":\"https:\\\/\\\/www.bmvmedical.it\\\/farmacia\\\/wp-content\\\/uploads\\\/2024\\\/11\\\/Fibre-Select.jpg\",\"contentUrl\":\"https:\\\/\\\/www.bmvmedical.it\\\/farmacia\\\/wp-content\\\/uploads\\\/2024\\\/11\\\/Fibre-Select.jpg\",\"width\":768,\"height\":768},{\"@type\":\"BreadcrumbList\",\"@id\":\"https:\\\/\\\/www.bmvmedical.it\\\/farmacia\\\/farmacia\\\/apt\\\/fibre-select\\\/#breadcrumb\",\"itemListElement\":[{\"@type\":\"ListItem\",\"position\":1,\"name\":\"Strona g\u0142\u00f3wna\",\"item\":\"https:\\\/\\\/www.bmvmedical.it\\\/farmacia\\\/\"},{\"@type\":\"ListItem\",\"position\":2,\"name\":\"Prodotti\",\"item\":\"https:\\\/\\\/www.bmvmedical.it\\\/farmacia\\\/\"},{\"@type\":\"ListItem\",\"position\":3,\"name\":\"Fibre Select\"}]},{\"@type\":\"WebSite\",\"@id\":\"https:\\\/\\\/www.bmvmedical.it\\\/farmacia\\\/#website\",\"url\":\"https:\\\/\\\/www.bmvmedical.it\\\/farmacia\\\/\",\"name\":\"BMVMEDICAL\",\"description\":\"\",\"potentialAction\":[{\"@type\":\"SearchAction\",\"target\":{\"@type\":\"EntryPoint\",\"urlTemplate\":\"https:\\\/\\\/www.bmvmedical.it\\\/farmacia\\\/?s={search_term_string}\"},\"query-input\":{\"@type\":\"PropertyValueSpecification\",\"valueRequired\":true,\"valueName\":\"search_term_string\"}}],\"inLanguage\":\"it-IT\"}]}<\/script>\n<!-- \/ Yoast SEO plugin. -->","yoast_head_json":{"title":"Fibre Select - Recensioni, Forum, Prezzo, Effetti, Farmacia | -50%","robots":{"index":"index","follow":"follow","max-snippet":"max-snippet:-1","max-image-preview":"max-image-preview:large","max-video-preview":"max-video-preview:-1"},"canonical":"https:\/\/www.bmvmedical.it\/farmacia\/farmacia\/apt\/fibre-select\/","og_locale":"it_IT","og_type":"article","og_title":"Fibre Select - Recensioni, Forum, Prezzo, Effetti, Farmacia | -50%","og_url":"https:\/\/www.bmvmedical.it\/farmacia\/farmacia\/apt\/fibre-select\/","og_site_name":"BMVMEDICAL","article_modified_time":"2025-10-31T08:46:15+00:00","og_image":[{"width":768,"height":768,"url":"https:\/\/www.bmvmedical.it\/farmacia\/wp-content\/uploads\/2024\/11\/Fibre-Select.jpg","type":"image\/jpeg"}],"twitter_card":"summary_large_image","twitter_description":"[date_countdown]","twitter_misc":{"Tempo di lettura stimato":"1 minuto"},"schema":{"@context":"https:\/\/schema.org","@graph":[{"@type":"WebPage","@id":"https:\/\/www.bmvmedical.it\/farmacia\/farmacia\/apt\/fibre-select\/","url":"https:\/\/www.bmvmedical.it\/farmacia\/farmacia\/apt\/fibre-select\/","name":"Fibre Select - Recensioni, Forum, Prezzo, Effetti, Farmacia | -50%","isPartOf":{"@id":"https:\/\/www.bmvmedical.it\/farmacia\/#website"},"primaryImageOfPage":{"@id":"https:\/\/www.bmvmedical.it\/farmacia\/farmacia\/apt\/fibre-select\/#primaryimage"},"image":{"@id":"https:\/\/www.bmvmedical.it\/farmacia\/farmacia\/apt\/fibre-select\/#primaryimage"},"thumbnailUrl":"https:\/\/www.bmvmedical.it\/farmacia\/wp-content\/uploads\/2024\/11\/Fibre-Select.jpg","datePublished":"2024-11-06T00:26:09+00:00","dateModified":"2025-10-31T08:46:15+00:00","breadcrumb":{"@id":"https:\/\/www.bmvmedical.it\/farmacia\/farmacia\/apt\/fibre-select\/#breadcrumb"},"inLanguage":"it-IT","potentialAction":[{"@type":"ReadAction","target":["https:\/\/www.bmvmedical.it\/farmacia\/farmacia\/apt\/fibre-select\/"]}]},{"@type":"ImageObject","inLanguage":"it-IT","@id":"https:\/\/www.bmvmedical.it\/farmacia\/farmacia\/apt\/fibre-select\/#primaryimage","url":"https:\/\/www.bmvmedical.it\/farmacia\/wp-content\/uploads\/2024\/11\/Fibre-Select.jpg","contentUrl":"https:\/\/www.bmvmedical.it\/farmacia\/wp-content\/uploads\/2024\/11\/Fibre-Select.jpg","width":768,"height":768},{"@type":"BreadcrumbList","@id":"https:\/\/www.bmvmedical.it\/farmacia\/farmacia\/apt\/fibre-select\/#breadcrumb","itemListElement":[{"@type":"ListItem","position":1,"name":"Strona g\u0142\u00f3wna","item":"https:\/\/www.bmvmedical.it\/farmacia\/"},{"@type":"ListItem","position":2,"name":"Prodotti","item":"https:\/\/www.bmvmedical.it\/farmacia\/"},{"@type":"ListItem","position":3,"name":"Fibre Select"}]},{"@type":"WebSite","@id":"https:\/\/www.bmvmedical.it\/farmacia\/#website","url":"https:\/\/www.bmvmedical.it\/farmacia\/","name":"BMVMEDICAL","description":"","potentialAction":[{"@type":"SearchAction","target":{"@type":"EntryPoint","urlTemplate":"https:\/\/www.bmvmedical.it\/farmacia\/?s={search_term_string}"},"query-input":{"@type":"PropertyValueSpecification","valueRequired":true,"valueName":"search_term_string"}}],"inLanguage":"it-IT"}]}},"_links":{"self":[{"href":"https:\/\/www.bmvmedical.it\/farmacia\/wp-json\/wp\/v2\/product\/12118","targetHints":{"allow":["GET"]}}],"collection":[{"href":"https:\/\/www.bmvmedical.it\/farmacia\/wp-json\/wp\/v2\/product"}],"about":[{"href":"https:\/\/www.bmvmedical.it\/farmacia\/wp-json\/wp\/v2\/types\/product"}],"replies":[{"embeddable":true,"href":"https:\/\/www.bmvmedical.it\/farmacia\/wp-json\/wp\/v2\/comments?post=12118"}],"wp:featuredmedia":[{"embeddable":true,"href":"https:\/\/www.bmvmedical.it\/farmacia\/wp-json\/wp\/v2\/media\/12117"}],"wp:attachment":[{"href":"https:\/\/www.bmvmedical.it\/farmacia\/wp-json\/wp\/v2\/media?parent=12118"}],"wp:term":[{"taxonomy":"product_brand","embeddable":true,"href":"https:\/\/www.bmvmedical.it\/farmacia\/wp-json\/wp\/v2\/product_brand?post=12118"},{"taxonomy":"product_cat","embeddable":true,"href":"https:\/\/www.bmvmedical.it\/farmacia\/wp-json\/wp\/v2\/product_cat?post=12118"},{"taxonomy":"product_tag","embeddable":true,"href":"https:\/\/www.bmvmedical.it\/farmacia\/wp-json\/wp\/v2\/product_tag?post=12118"}],"curies":[{"name":"wp","href":"https:\/\/api.w.org\/{rel}","templated":true}]}}