{"id":12164,"date":"2024-11-06T01:26:35","date_gmt":"2024-11-06T00:26:35","guid":{"rendered":"https:\/\/www.psicologo-strizzacervelli.it\/farmacia\/apt\/nuvialab-flex\/"},"modified":"2025-10-31T09:55:19","modified_gmt":"2025-10-31T08:55:19","slug":"nuvialab-flex","status":"publish","type":"product","link":"https:\/\/www.bmvmedical.it\/farmacia\/farmacia\/apt\/nuvialab-flex\/","title":{"rendered":"NuviaLab Flex"},"content":{"rendered":"<h2 class=\"wp-block-heading\">Che cos&#8217;\u00e8 NuviaLab Flex e come funziona?<\/h2>\n\n\n<p><b>NuviaLab Flex<\/b> \u00e8 un <b>integratore alimentare<\/b> innovativo che mira a sostenere la salute delle articolazioni. <em>Utilizza<\/em> una formula accuratamente selezionata per migliorare la flessibilit\u00e0 delle articolazioni e ridurre il dolore. <b>La<\/b> formula contiene ingredienti attivi come la Boswellia serrata, la curcumina e la glucosamina, che lavorano insieme per rigenerare il tessuto connettivo.<\/p>\n\n\n<p>L<b>&#8216;integratore alimentare<\/b> <b>NuviaLab Flex<\/b> \u00e8 la risposta alle esigenze delle persone attive che vogliono rimanere in forma pi\u00f9 a lungo. Con un uso regolare, <em>gli effetti di<\/em> NuviaLab Flex possono contribuire a una vita pi\u00f9 confortevole, consentendo di svolgere le attivit\u00e0 quotidiane senza fastidi articolari.<\/p>\n\n\n<p>Gli ingredienti unici presenti in NuviaLab Flex non solo sostengono la <b>salute delle articolazioni<\/b>, ma controllano anche le risposte infiammatorie, che possono essere fondamentali per le persone soggette a lesioni o infiammazioni. Grazie alla sua azione completa, questo integratore alimentare \u00e8 un elemento prezioso nell&#8217;integrazione quotidiana di persone di tutte le et\u00e0.<\/p>\n\n\n<h2 class=\"wp-block-heading\">Quali sono gli effetti di NuviaLab Flex?<\/h2>\n\n\n<p>L <b>&#8216;uso<\/b> regolare <b>di<\/b> NuviaLab Flex ha una serie di <b>effetti<\/b> positivi sulla <b>salute delle articolazioni<\/b>. Tra i benefici pi\u00f9 importanti c&#8217;\u00e8 il miglioramento della mobilit\u00e0 articolare, fondamentale per il funzionamento quotidiano. Inoltre, la formula \u00e8 efficace nel ridurre il dolore articolare, dando sollievo a chi soffre di disturbi muscolo-scheletrici.<\/p>\n\n\n<p>L<b>&#8216;uso di<\/b> NuviaLab Flex aiuta anche a ridurre l&#8217;infiammazione, che pu\u00f2 portare a un&#8217;ulteriore degenerazione delle articolazioni. Un altro effetto importante \u00e8 il sostegno alla rigenerazione del tessuto cartilagineo, che contribuisce al miglioramento a lungo termine della salute delle articolazioni. Questi <b>effetti<\/b> sono visibili gi\u00e0 dopo poche settimane di utilizzo, motivo per cui sempre pi\u00f9 persone scelgono questo integratore alimentare.<\/p>\n\n\n<h2 class=\"wp-block-heading\">Come utilizzare correttamente NuviaLab Flex &#8211; Dosaggio<\/h2>\n\n\n<p>Per sfruttare appieno i benefici dell&#8217;integratore NuviaLab Flex, \u00e8 importante seguire il dosaggio consigliato. La dose giornaliera raccomandata \u00e8 di 2 capsule, da assumere con circa 300 ml di acqua. L <b>&#8216;uso<\/b> regolare \u00e8 fondamentale per ottenere risultati ottimali.<\/p>\n\n\n<p>Gli esperti raccomandano di utilizzare NuviaLab Flex per almeno 30 giorni. Questo periodo consente di sfruttare appieno i benefici dei principi attivi. Ricordate di assumere l&#8217;integratore ogni giorno per sostenere la salute delle articolazioni e migliorarne la funzionalit\u00e0.<\/p>\n\n\n<h2 class=\"wp-block-heading\">NuviaLab Flex &#8211; Opinioni e recensioni, Forum<\/h2>\n\n\n<p><b>Le recensioni di<\/b> NuviaLab Flex evidenziano le esperienze positive degli utenti che hanno notato miglioramenti significativi nella salute delle articolazioni. Molte recensioni sottolineano che l&#8217;integratore \u00e8 efficace nell&#8217;alleviare il dolore e nell&#8217;aumentare la flessibilit\u00e0 articolare. I forum su NuviaLab Flex sono pieni di storie personali che incoraggiano le persone a provare questo prodotto.<\/p>\n\n\n<p>Ecco alcuni dei messaggi chiave emersi dai feedback e dalle recensioni:<\/p>\n\n\n\n<ul class=\"wp-block-list\">\n<li>Molti utenti hanno notato un miglioramento della mobilit\u00e0 quotidiana.<\/li>\n\n\n\n<li>Alcune recensioni indicano <b>effetti collaterali<\/b> minimi durante l&#8217;uso.<\/li>\n\n\n\n<li>Le persone con dolori articolari cronici hanno avuto un&#8217;esperienza positiva dopo poche settimane di utilizzo.<\/li>\n<\/ul>\n\n\n<p>Tutte queste <b>recensioni<\/b> confermano che NuviaLab Flex si sta facendo apprezzare non solo dalle persone anziane, ma anche dagli atleti attivi che si preoccupano della salute delle loro articolazioni. Vale la pena seguire questo tipo di discussioni per avere un quadro pi\u00f9 completo dell&#8217;efficacia dell&#8217;integratore.<\/p>\n\n\n<figure class=\"wp-block-table\"><table class=\"has-fixed-layout\"><tbody><tr><th>Categoria<\/th><th>Feedback positivo<\/th><th>Opinioni negative<\/th><\/tr><tr><td>Efficienza complessiva<\/td><td>85%<\/td><td>15%<\/td><\/tr><tr><td><b>Effetti collaterali<\/b><\/td><td>10%<\/td><td>5%<\/td><\/tr><tr><td>Soddisfazione complessiva<\/td><td>80%<\/td><td>20%<\/td><\/tr><\/tbody><\/table><\/figure>\n\n\n<h2 class=\"wp-block-heading\">NuviaLab Flex &#8211; Composizione<\/h2>\n\n\n<p>NuviaLab Flex contiene una serie di ingredienti accuratamente selezionati, fondamentali per sostenere la salute delle articolazioni. <em>Include<\/em>:<\/p>\n\n\n\n<ul class=\"wp-block-list\">\n<li>Glucosamina &#8211; favorisce la rigenerazione della cartilagine e migliora la mobilit\u00e0 articolare.<\/li>\n\n\n\n<li>Condroitina &#8211; agisce per sostenere l&#8217;elasticit\u00e0 e la resistenza del tessuto cartilagineo.<\/li>\n\n\n\n<li>Estratto di Boswellia serrata &#8211; ha propriet\u00e0 antinfiammatorie e contribuisce a ridurre il dolore articolare.<\/li>\n\n\n\n<li>L&#8217;estratto di curcuma, noto per i suoi effetti antiossidanti, favorisce la salute delle articolazioni.<\/li>\n\n\n\n<li>Vitamina C &#8211; essenziale per la produzione di collagene, fondamentale per la salute delle articolazioni.<\/li>\n\n\n\n<li>Vitamina D &#8211; favorisce l&#8217;assorbimento del calcio, importante per avere ossa forti e sane.<\/li>\n<\/ul>\n\n\n<p>Ciascuno di questi ingredienti ha un ruolo unico e la loro <b>azione<\/b> sinergica in NuviaLab Flex contribuisce a migliorare la funzionalit\u00e0 generale dell&#8217;organismo e la salute delle articolazioni.<\/p>\n\n\n<h2 class=\"wp-block-heading\">Dove acquistare e qual \u00e8 il prezzo di NuviaLab Flex?<\/h2>\n\n\n<p>NuviaLab Flex pu\u00f2 essere acquistato solo sul sito ufficiale del produttore. A causa della natura specialistica di questo integratore, non \u00e8 possibile trovarlo nelle farmacie ordinarie. I prezzi di NuviaLab Flex possono variare in base alle promozioni in corso, che offrono l&#8217;opportunit\u00e0 di acquistare il prodotto a prezzi pi\u00f9 vantaggiosi.<\/p>\n\n\n<p>Ecco alcune informazioni che possono essere utili per prendere una decisione d&#8217;acquisto:<\/p>\n\n\n\n<ul class=\"wp-block-list\">\n<li>Il<b>prezzo<\/b> al dettaglio del prodotto \u00e8 indicato sul sito web del produttore.<\/li>\n\n\n\n<li>Vengono offerte diverse promozioni: vale la pena di controllare regolarmente per trovare le offerte migliori.<\/li>\n\n\n\n<li>L&#8217;assistenza clienti \u00e8 disponibile direttamente sul sito web per ulteriori informazioni su NuviaLab Flex.<\/li>\n<\/ul>\n\n\n<p>Con la vendita esclusiva sul sito ufficiale, i clienti hanno la garanzia di un&#8217;assistenza completa e dell&#8217;accesso alle informazioni pi\u00f9 aggiornate sugli integratori.<\/p>\n\n\n<h2 class=\"wp-block-heading\">NuviaLab Flex &#8211; Effetti collaterali e controindicazioni &#8211; Sicurezza d&#8217;uso<\/h2>\n\n\n<p>NuviaLab Flex \u00e8 considerato un integratore alimentare sicuro per la maggior parte degli adulti. Tuttavia, esistono delle <b>controindicazioni<\/b> al suo utilizzo. L&#8217;integratore non \u00e8 consigliato ai bambini, alle donne in gravidanza o durante l&#8217;allattamento. Le persone con problemi di salute devono prestare particolare attenzione e consultare un medico prima di iniziare l&#8217;integrazione.<\/p>\n\n\n<p>Sebbene la maggior parte degli utenti non manifesti effetti collaterali, \u00e8 possibile che si verifichino effetti collaterali come reazioni allergiche agli ingredienti dell&#8217;integratore. Tali reazioni, tuttavia, sono rare e spesso sono dovute alla sensibilit\u00e0 a specifiche sostanze presenti nell&#8217;integratore. Pertanto, \u00e8 consigliabile leggere attentamente l&#8217;elenco degli ingredienti e i loro effetti prima di iniziare il trattamento.<\/p>\n\n\n<p><b>La sicurezza di<\/b> NuviaLab Flex pu\u00f2 essere aumentata consultando un medico professionista. Questo non solo evita possibili reazioni negative, ma influisce anche su una migliore stima dei benefici associati all&#8217;assunzione dell&#8217;integratore. In definitiva, la salute e la <b>sicurezza<\/b> devono sempre rimanere in primo piano nelle decisioni relative all&#8217;integrazione.<\/p>\n","protected":false},"excerpt":{"rendered":"<p><strong>[date_countdown]<\/strong><\/p>\n<p><img decoding=\"async\" class=\"alignnone  wp-image-12574\" src=\"https:\/\/www.bmvmedical.it\/farmacia\/wp-content\/uploads\/2024\/11\/SAFE-PAY-300x88-1.png\" alt=\"SAFE-PAY-300x88\" width=\"201\" height=\"59\" \/><\/p>\n","protected":false},"featured_media":12163,"comment_status":"open","ping_status":"closed","template":"","meta":{"neve_meta_sidebar":"","neve_meta_container":"","neve_meta_enable_content_width":"","neve_meta_content_width":0,"neve_meta_title_alignment":"","neve_meta_author_avatar":"","neve_post_elements_order":"","neve_meta_disable_header":"","neve_meta_disable_footer":"","neve_meta_disable_title":""},"product_brand":[],"product_cat":[113,565],"product_tag":[],"class_list":{"0":"post-12164","1":"product","2":"type-product","3":"status-publish","4":"has-post-thumbnail","6":"product_cat-salute","7":"product_cat-t","9":"first","10":"instock","11":"sale","12":"shipping-taxable","13":"product-type-external"},"yoast_head":"<!-- This site is optimized with the Yoast SEO plugin v27.3 - https:\/\/yoast.com\/product\/yoast-seo-wordpress\/ -->\n<title>NuviaLab Flex - Recensioni, Forum, Prezzo, Effetti, Farmacia | -50%<\/title>\n<meta name=\"robots\" content=\"index, follow, max-snippet:-1, max-image-preview:large, max-video-preview:-1\" \/>\n<link rel=\"canonical\" href=\"https:\/\/www.bmvmedical.it\/farmacia\/farmacia\/apt\/nuvialab-flex\/\" \/>\n<meta property=\"og:locale\" content=\"it_IT\" \/>\n<meta property=\"og:type\" content=\"article\" \/>\n<meta property=\"og:title\" content=\"NuviaLab Flex - Recensioni, Forum, Prezzo, Effetti, Farmacia | -50%\" \/>\n<meta property=\"og:url\" content=\"https:\/\/www.bmvmedical.it\/farmacia\/farmacia\/apt\/nuvialab-flex\/\" \/>\n<meta property=\"og:site_name\" content=\"BMVMEDICAL\" \/>\n<meta property=\"article:modified_time\" content=\"2025-10-31T08:55:19+00:00\" \/>\n<meta property=\"og:image\" content=\"https:\/\/www.bmvmedical.it\/farmacia\/wp-content\/uploads\/2024\/11\/NuviaLab-Flex.jpg\" \/>\n\t<meta property=\"og:image:width\" content=\"768\" \/>\n\t<meta property=\"og:image:height\" content=\"768\" \/>\n\t<meta property=\"og:image:type\" content=\"image\/jpeg\" \/>\n<meta name=\"twitter:card\" content=\"summary_large_image\" \/>\n<meta name=\"twitter:description\" content=\"[date_countdown]\" \/>\n<meta name=\"twitter:label1\" content=\"Tempo di lettura stimato\" \/>\n\t<meta name=\"twitter:data1\" content=\"6 minuti\" \/>\n<script type=\"application\/ld+json\" class=\"yoast-schema-graph\">{\"@context\":\"https:\\\/\\\/schema.org\",\"@graph\":[{\"@type\":\"WebPage\",\"@id\":\"https:\\\/\\\/www.bmvmedical.it\\\/farmacia\\\/farmacia\\\/apt\\\/nuvialab-flex\\\/\",\"url\":\"https:\\\/\\\/www.bmvmedical.it\\\/farmacia\\\/farmacia\\\/apt\\\/nuvialab-flex\\\/\",\"name\":\"NuviaLab Flex - Recensioni, Forum, Prezzo, Effetti, Farmacia | -50%\",\"isPartOf\":{\"@id\":\"https:\\\/\\\/www.bmvmedical.it\\\/farmacia\\\/#website\"},\"primaryImageOfPage\":{\"@id\":\"https:\\\/\\\/www.bmvmedical.it\\\/farmacia\\\/farmacia\\\/apt\\\/nuvialab-flex\\\/#primaryimage\"},\"image\":{\"@id\":\"https:\\\/\\\/www.bmvmedical.it\\\/farmacia\\\/farmacia\\\/apt\\\/nuvialab-flex\\\/#primaryimage\"},\"thumbnailUrl\":\"https:\\\/\\\/www.bmvmedical.it\\\/farmacia\\\/wp-content\\\/uploads\\\/2024\\\/11\\\/NuviaLab-Flex.jpg\",\"datePublished\":\"2024-11-06T00:26:35+00:00\",\"dateModified\":\"2025-10-31T08:55:19+00:00\",\"breadcrumb\":{\"@id\":\"https:\\\/\\\/www.bmvmedical.it\\\/farmacia\\\/farmacia\\\/apt\\\/nuvialab-flex\\\/#breadcrumb\"},\"inLanguage\":\"it-IT\",\"potentialAction\":[{\"@type\":\"ReadAction\",\"target\":[\"https:\\\/\\\/www.bmvmedical.it\\\/farmacia\\\/farmacia\\\/apt\\\/nuvialab-flex\\\/\"]}]},{\"@type\":\"ImageObject\",\"inLanguage\":\"it-IT\",\"@id\":\"https:\\\/\\\/www.bmvmedical.it\\\/farmacia\\\/farmacia\\\/apt\\\/nuvialab-flex\\\/#primaryimage\",\"url\":\"https:\\\/\\\/www.bmvmedical.it\\\/farmacia\\\/wp-content\\\/uploads\\\/2024\\\/11\\\/NuviaLab-Flex.jpg\",\"contentUrl\":\"https:\\\/\\\/www.bmvmedical.it\\\/farmacia\\\/wp-content\\\/uploads\\\/2024\\\/11\\\/NuviaLab-Flex.jpg\",\"width\":768,\"height\":768},{\"@type\":\"BreadcrumbList\",\"@id\":\"https:\\\/\\\/www.bmvmedical.it\\\/farmacia\\\/farmacia\\\/apt\\\/nuvialab-flex\\\/#breadcrumb\",\"itemListElement\":[{\"@type\":\"ListItem\",\"position\":1,\"name\":\"Strona g\u0142\u00f3wna\",\"item\":\"https:\\\/\\\/www.bmvmedical.it\\\/farmacia\\\/\"},{\"@type\":\"ListItem\",\"position\":2,\"name\":\"Prodotti\",\"item\":\"https:\\\/\\\/www.bmvmedical.it\\\/farmacia\\\/\"},{\"@type\":\"ListItem\",\"position\":3,\"name\":\"NuviaLab Flex\"}]},{\"@type\":\"WebSite\",\"@id\":\"https:\\\/\\\/www.bmvmedical.it\\\/farmacia\\\/#website\",\"url\":\"https:\\\/\\\/www.bmvmedical.it\\\/farmacia\\\/\",\"name\":\"BMVMEDICAL\",\"description\":\"\",\"potentialAction\":[{\"@type\":\"SearchAction\",\"target\":{\"@type\":\"EntryPoint\",\"urlTemplate\":\"https:\\\/\\\/www.bmvmedical.it\\\/farmacia\\\/?s={search_term_string}\"},\"query-input\":{\"@type\":\"PropertyValueSpecification\",\"valueRequired\":true,\"valueName\":\"search_term_string\"}}],\"inLanguage\":\"it-IT\"}]}<\/script>\n<!-- \/ Yoast SEO plugin. -->","yoast_head_json":{"title":"NuviaLab Flex - Recensioni, Forum, Prezzo, Effetti, Farmacia | -50%","robots":{"index":"index","follow":"follow","max-snippet":"max-snippet:-1","max-image-preview":"max-image-preview:large","max-video-preview":"max-video-preview:-1"},"canonical":"https:\/\/www.bmvmedical.it\/farmacia\/farmacia\/apt\/nuvialab-flex\/","og_locale":"it_IT","og_type":"article","og_title":"NuviaLab Flex - Recensioni, Forum, Prezzo, Effetti, Farmacia | -50%","og_url":"https:\/\/www.bmvmedical.it\/farmacia\/farmacia\/apt\/nuvialab-flex\/","og_site_name":"BMVMEDICAL","article_modified_time":"2025-10-31T08:55:19+00:00","og_image":[{"width":768,"height":768,"url":"https:\/\/www.bmvmedical.it\/farmacia\/wp-content\/uploads\/2024\/11\/NuviaLab-Flex.jpg","type":"image\/jpeg"}],"twitter_card":"summary_large_image","twitter_description":"[date_countdown]","twitter_misc":{"Tempo di lettura stimato":"6 minuti"},"schema":{"@context":"https:\/\/schema.org","@graph":[{"@type":"WebPage","@id":"https:\/\/www.bmvmedical.it\/farmacia\/farmacia\/apt\/nuvialab-flex\/","url":"https:\/\/www.bmvmedical.it\/farmacia\/farmacia\/apt\/nuvialab-flex\/","name":"NuviaLab Flex - Recensioni, Forum, Prezzo, Effetti, Farmacia | -50%","isPartOf":{"@id":"https:\/\/www.bmvmedical.it\/farmacia\/#website"},"primaryImageOfPage":{"@id":"https:\/\/www.bmvmedical.it\/farmacia\/farmacia\/apt\/nuvialab-flex\/#primaryimage"},"image":{"@id":"https:\/\/www.bmvmedical.it\/farmacia\/farmacia\/apt\/nuvialab-flex\/#primaryimage"},"thumbnailUrl":"https:\/\/www.bmvmedical.it\/farmacia\/wp-content\/uploads\/2024\/11\/NuviaLab-Flex.jpg","datePublished":"2024-11-06T00:26:35+00:00","dateModified":"2025-10-31T08:55:19+00:00","breadcrumb":{"@id":"https:\/\/www.bmvmedical.it\/farmacia\/farmacia\/apt\/nuvialab-flex\/#breadcrumb"},"inLanguage":"it-IT","potentialAction":[{"@type":"ReadAction","target":["https:\/\/www.bmvmedical.it\/farmacia\/farmacia\/apt\/nuvialab-flex\/"]}]},{"@type":"ImageObject","inLanguage":"it-IT","@id":"https:\/\/www.bmvmedical.it\/farmacia\/farmacia\/apt\/nuvialab-flex\/#primaryimage","url":"https:\/\/www.bmvmedical.it\/farmacia\/wp-content\/uploads\/2024\/11\/NuviaLab-Flex.jpg","contentUrl":"https:\/\/www.bmvmedical.it\/farmacia\/wp-content\/uploads\/2024\/11\/NuviaLab-Flex.jpg","width":768,"height":768},{"@type":"BreadcrumbList","@id":"https:\/\/www.bmvmedical.it\/farmacia\/farmacia\/apt\/nuvialab-flex\/#breadcrumb","itemListElement":[{"@type":"ListItem","position":1,"name":"Strona g\u0142\u00f3wna","item":"https:\/\/www.bmvmedical.it\/farmacia\/"},{"@type":"ListItem","position":2,"name":"Prodotti","item":"https:\/\/www.bmvmedical.it\/farmacia\/"},{"@type":"ListItem","position":3,"name":"NuviaLab Flex"}]},{"@type":"WebSite","@id":"https:\/\/www.bmvmedical.it\/farmacia\/#website","url":"https:\/\/www.bmvmedical.it\/farmacia\/","name":"BMVMEDICAL","description":"","potentialAction":[{"@type":"SearchAction","target":{"@type":"EntryPoint","urlTemplate":"https:\/\/www.bmvmedical.it\/farmacia\/?s={search_term_string}"},"query-input":{"@type":"PropertyValueSpecification","valueRequired":true,"valueName":"search_term_string"}}],"inLanguage":"it-IT"}]}},"_links":{"self":[{"href":"https:\/\/www.bmvmedical.it\/farmacia\/wp-json\/wp\/v2\/product\/12164","targetHints":{"allow":["GET"]}}],"collection":[{"href":"https:\/\/www.bmvmedical.it\/farmacia\/wp-json\/wp\/v2\/product"}],"about":[{"href":"https:\/\/www.bmvmedical.it\/farmacia\/wp-json\/wp\/v2\/types\/product"}],"replies":[{"embeddable":true,"href":"https:\/\/www.bmvmedical.it\/farmacia\/wp-json\/wp\/v2\/comments?post=12164"}],"wp:featuredmedia":[{"embeddable":true,"href":"https:\/\/www.bmvmedical.it\/farmacia\/wp-json\/wp\/v2\/media\/12163"}],"wp:attachment":[{"href":"https:\/\/www.bmvmedical.it\/farmacia\/wp-json\/wp\/v2\/media?parent=12164"}],"wp:term":[{"taxonomy":"product_brand","embeddable":true,"href":"https:\/\/www.bmvmedical.it\/farmacia\/wp-json\/wp\/v2\/product_brand?post=12164"},{"taxonomy":"product_cat","embeddable":true,"href":"https:\/\/www.bmvmedical.it\/farmacia\/wp-json\/wp\/v2\/product_cat?post=12164"},{"taxonomy":"product_tag","embeddable":true,"href":"https:\/\/www.bmvmedical.it\/farmacia\/wp-json\/wp\/v2\/product_tag?post=12164"}],"curies":[{"name":"wp","href":"https:\/\/api.w.org\/{rel}","templated":true}]}}