{"id":12252,"date":"2024-11-06T01:27:19","date_gmt":"2024-11-06T00:27:19","guid":{"rendered":"https:\/\/www.psicologo-strizzacervelli.it\/farmacia\/apt\/dr-derm\/"},"modified":"2025-10-31T09:55:18","modified_gmt":"2025-10-31T08:55:18","slug":"dr-derm","status":"publish","type":"product","link":"https:\/\/www.bmvmedical.it\/farmacia\/farmacia\/apt\/dr-derm\/","title":{"rendered":"Dr.Derm"},"content":{"rendered":"<h2 class=\"wp-block-heading\">Che cos&#8217;\u00e8 Dr.Derm e come funziona?<\/h2>\n\n\n<p><b>Dr.Derm<\/b> \u00e8 un <b>integratore alimentare<\/b> studiato per supportare le persone che lottano contro la psoriasi. La sua <em>azione<\/em> si basa sull&#8217;uso di ingredienti naturali accuratamente selezionati, che mirano a ridurre i sintomi di questa malattia. Il prodotto migliora le condizioni della pelle, grazie alle sue propriet\u00e0 antinfiammatorie e rigenerative.<\/p>\n\n\n<p>Gli utilizzatori di Dr.Derm possono aspettarsi un miglioramento dell&#8217;idratazione e dell&#8217;elasticit\u00e0 della pelle. <b>Gli ingredienti naturali<\/b> contenuti nell&#8217;integratore agiscono in modo sinergico, potenziando gli <b>effetti<\/b> terapeutici e sostenendo il corretto funzionamento dell&#8217;organismo. L&#8217;assunzione regolare del prodotto \u00e8 finalizzata non solo a fornire sollievo dai sintomi, ma anche a sostenere la rigenerazione generale della pelle.<\/p>\n\n\n<h2 class=\"wp-block-heading\">Quali sono gli effetti dell&#8217;utilizzo di Dr.Derm?<\/h2>\n\n\n<p>L&#8217;<b>uso<\/b> regolare dell&#8217;integratore alimentare Dr.Derm ha una serie di effetti notevoli per le persone che lottano contro la psoriasi. Tra i principali benefici vi sono:<\/p>\n\n\n\n<ul class=\"wp-block-list\">\n<li><em>Riduzione del prurito<\/em> e dell&#8217;arrossamento della pelle, che contribuisce a una vita pi\u00f9 confortevole.<\/li>\n\n\n\n<li><em>Riduzione della desquamazione epidermica<\/em>, che \u00e8 una parte importante della terapia della psoriasi.<\/li>\n\n\n\n<li><em>Migliorare le condizioni generali della pelle<\/em>, che diventa pi\u00f9 idratata ed elastica.<\/li>\n<\/ul>\n\n\n<p>I pazienti che utilizzano Dr.Derm riferiscono anche <em>una sensazione di sollievo e di miglioramento del benessere mentale<\/em>. Si tratta di un aspetto spesso sottovalutato, ma estremamente importante nel trattamento delle malattie dermatologiche croniche.<\/p>\n\n\n<p>Questi <b>effetti<\/b> si notano di solito gi\u00e0 dopo le prime settimane di utilizzo, rendendo Dr.Derm una valida aggiunta alla terapia di routine. \u00c8 inoltre degno di nota l&#8217;osservazione di un miglioramento sistematico delle condizioni della pelle, che porta a una maggiore fiducia in se stessi in coloro che lottano contro questa condizione.<\/p>\n\n\n<figure class=\"wp-block-table\"><table class=\"has-fixed-layout\"><tbody><tr><th>Effetto<\/th><th>Tempo di notare<\/th><th>Rilevanza per i pazienti<\/th><\/tr><tr><td>Riduzione del prurito<\/td><td>Per 2 settimane<\/td><td>Maggiore qualit\u00e0 di vita<\/td><\/tr><tr><td>Riduzione della desquamazione dell&#8217;epidermide<\/td><td>Per 3 settimane<\/td><td>Migliorare l&#8217;estetica della pelle<\/td><\/tr><tr><td>Miglioramento dello stato mentale<\/td><td>Per 4 settimane<\/td><td>Maggiore fiducia in se stessi<\/td><\/tr><\/tbody><\/table><\/figure>\n\n\n<h2 class=\"wp-block-heading\">Come utilizzare correttamente Dr.Derm &#8211; Dosaggio<\/h2>\n\n\n<p>Dr.Derm \u00e8 un <b>integratore alimentare<\/b> che richiede un uso appropriato per ottenere i migliori risultati. Secondo le raccomandazioni del produttore, il <b>dosaggio<\/b> suggerito \u00e8 di due capsule al giorno. \u00c8 importante assumerle con un pasto, per favorire un migliore assorbimento dei principi attivi.<\/p>\n\n\n<p>La regolarit\u00e0 dell&#8217;uso \u00e8 fondamentale per ottenere gli effetti. Per evitare effetti collaterali \u00e8 necessario seguire le linee guida sul dosaggio. Il superamento della dose giornaliera raccomandata pu\u00f2 non solo influire negativamente sull&#8217;organismo, ma anche ridurre l&#8217;efficacia dell&#8217;integratore. Per questo motivo, si consiglia di leggere attentamente il foglietto illustrativo e di consultare il medico in caso di dubbi.<\/p>\n\n\n<p>L<b>&#8216;uso di<\/b> Dr.Derm secondo le indicazioni aumenta le possibilit\u00e0 di ottenere i risultati desiderati, oltre a migliorare il benessere generale. Il <b>dosaggio<\/b> ponderato e la regolarit\u00e0 sono elementi essenziali che ogni utente dovrebbe tenere in considerazione.<\/p>\n\n\n<h2 class=\"wp-block-heading\">Esperienze e recensioni degli utenti su Dr.Derm &#8211; quali sono le recensioni?<\/h2>\n\n\n<p><b>Le recensioni<\/b> degli utenti di Dr.Derm mostrano spesso risultati positivi. Molte persone condividono le loro <em>esperienze d&#8217;uso<\/em>, dando una migliore comprensione dell&#8217;efficacia di questo integratore. Di seguito sono riportate alcune recensioni:<\/p>\n\n\n\n<ul class=\"wp-block-list\">\n<li><blockquote><p>Magda ha notato un miglioramento significativo della sua pelle dopo tre mesi di utilizzo di Dr.Derm. Ha riferito che l&#8217;infiammazione si \u00e8 attenuata e la sua pelle \u00e8 diventata pi\u00f9 liscia ed elastica.<\/p><\/blockquote><\/li>\n\n\n\n<li><blockquote><p>Paul, che ha lottato contro le riacutizzazioni e il prurito causati dalla psoriasi, sottolinea che dopo aver iniziato il trattamento Dr.Derm, i suoi sintomi si sono ridotti in modo significativo.<\/p><\/blockquote><\/li>\n\n\n\n<li><blockquote><p>Catherine sottolinea che Dr.Derm funziona in modo sensazionale. Ha notato un miglioramento dopo un solo mese di utilizzo, dopo aver lottato con la psoriasi per molti anni.<\/p><\/blockquote><\/li>\n<\/ul>\n\n\n<p>Questi esempi mostrano come le <em>recensioni<\/em> degli utenti di Dr.Derm possano essere positive e incoraggianti. <b>Le recensioni<\/b> mostrano un miglioramento significativo della qualit\u00e0 di vita di coloro che hanno scelto il trattamento. Confermano che il prodotto pu\u00f2 avere un impatto reale sulla lotta ai sintomi della psoriasi.<\/p>\n\n\n<h2 class=\"wp-block-heading\">Composizione di Dr.Derm &#8211; Cosa contiene?<\/h2>\n\n\n<p>Dr.Derm \u00e8 un <b>integratore<\/b> alimentare che contiene <b>ingredienti naturali<\/b> accuratamente selezionati per sostenere la salute della pelle. <b>Include l<\/b> &#8216;<em>estratto di ortica<\/em>, noto per i suoi effetti antinfiammatori, e l&#8217;<em>acido ialuronico<\/em>, ottimo per idratare e rendere la pelle elastica.<\/p>\n\n\n<p>Anche la vitamina B, importante per la rigenerazione dei tessuti, \u00e8 inclusa in Dr.Derm <em>.<\/em> Oltre a questi componenti, <b>l&#8217;integratore<\/b> \u00e8 arricchito con minerali che supportano i processi metabolici. Questi <em>componenti naturali<\/em> contribuiscono a un <b>effetto<\/b> terapeutico sinergico, che pu\u00f2 potenziare <b>gli effetti del<\/b> trattamento della psoriasi.<\/p>\n\n\n<figure class=\"wp-block-table\"><table class=\"has-fixed-layout\"><tbody><tr><th>Componente<\/th><th>Azione<\/th><\/tr><tr><td>Estratto di ortica<\/td><td><b>Azione<\/b> antinfiammatoria<\/td><\/tr><tr><td>Acido ialuronico<\/td><td>Idratazione ed elasticit\u00e0 della pelle<\/td><\/tr><tr><td>Vitamine B<\/td><td>Sostenere la rigenerazione dei tessuti<\/td><\/tr><tr><td>Minerali<\/td><td>Supporto dei processi metabolici<\/td><\/tr><\/tbody><\/table><\/figure>\n\n\n<h2 class=\"wp-block-heading\">Dove acquistare e Quanto costa Dr.Derm &#8211; prezzo<\/h2>\n\n\n<p>Dr.Derm \u00e8 disponibile esclusivamente sul <em>sito ufficiale<\/em> del produttore. Questa distribuzione garantisce ai clienti l&#8217;accesso al prodotto originale e spesso beneficia di interessanti promozioni. Il costo dell&#8217;acquisto di Dr.Derm pu\u00f2 variare a seconda delle offerte in corso, quindi vale la pena di visitare regolarmente <em>il sito ufficiale<\/em> per trovare <em>il<\/em> prezzo migliore.<\/p>\n\n\n<p>Vale la pena notare che il prodotto non \u00e8 disponibile nelle farmacie fisse, il che ne sottolinea l&#8217;unicit\u00e0. Prima di effettuare un acquisto, \u00e8 consigliabile controllare i prezzi e gli eventuali sconti sul sito web del produttore. Questo vi permetter\u00e0 di risparmiare sul modulo d&#8217;ordine.<\/p>\n\n\n<h2 class=\"wp-block-heading\">Potenziali effetti collaterali e controindicazioni di Dr.Derm<\/h2>\n\n\n<p>L&#8217;<b>uso dell&#8217;<\/b> integratore alimentare Dr.Derm \u00e8 generalmente sicuro, tuttavia, come per qualsiasi prodotto di questo tipo, possono verificarsi alcuni <b>effetti collaterali<\/b>. Gli utenti possono manifestare reazioni allergiche agli ingredienti del preparato, un aspetto importante da tenere presente. Pertanto, leggere sempre attentamente l&#8217;etichetta e la composizione dell&#8217;integratore per evitare reazioni avverse.<\/p>\n\n\n<p>Le persone con ipersensibilit\u00e0 ai principi attivi di Dr.Derm dovrebbero evitare questo integratore alimentare. Tra le <b>controindicazioni<\/b> all&#8217;uso vi sono anche i soggetti affetti da patologie croniche, tra cui le malattie autoimmuni. Prima di iniziare l&#8217;integrazione, \u00e8 consigliabile consultare il proprio medico per valutare la sicurezza di Dr.Derm nel proprio caso specifico.<\/p>\n","protected":false},"excerpt":{"rendered":"<p><strong>[date_countdown]<\/strong><\/p>\n<p><img decoding=\"async\" class=\"alignnone  wp-image-12574\" src=\"https:\/\/www.bmvmedical.it\/farmacia\/wp-content\/uploads\/2024\/11\/SAFE-PAY-300x88-1.png\" alt=\"SAFE-PAY-300x88\" width=\"201\" height=\"59\" \/><\/p>\n","protected":false},"featured_media":12251,"comment_status":"open","ping_status":"closed","template":"","meta":{"neve_meta_sidebar":"","neve_meta_container":"","neve_meta_enable_content_width":"","neve_meta_content_width":0,"neve_meta_title_alignment":"","neve_meta_author_avatar":"","neve_post_elements_order":"","neve_meta_disable_header":"","neve_meta_disable_footer":"","neve_meta_disable_title":""},"product_brand":[],"product_cat":[306,565],"product_tag":[],"class_list":{"0":"post-12252","1":"product","2":"type-product","3":"status-publish","4":"has-post-thumbnail","6":"product_cat-bellezza","7":"product_cat-t","9":"first","10":"instock","11":"sale","12":"shipping-taxable","13":"product-type-external"},"yoast_head":"<!-- This site is optimized with the Yoast SEO plugin v27.3 - https:\/\/yoast.com\/product\/yoast-seo-wordpress\/ -->\n<title>Dr.Derm - Recensioni, Forum, Prezzo, Effetti, Farmacia | -50%<\/title>\n<meta name=\"robots\" content=\"index, follow, max-snippet:-1, max-image-preview:large, max-video-preview:-1\" \/>\n<link rel=\"canonical\" href=\"https:\/\/www.bmvmedical.it\/farmacia\/farmacia\/apt\/dr-derm\/\" \/>\n<meta property=\"og:locale\" content=\"it_IT\" \/>\n<meta property=\"og:type\" content=\"article\" \/>\n<meta property=\"og:title\" content=\"Dr.Derm - Recensioni, Forum, Prezzo, Effetti, Farmacia | -50%\" \/>\n<meta property=\"og:url\" content=\"https:\/\/www.bmvmedical.it\/farmacia\/farmacia\/apt\/dr-derm\/\" \/>\n<meta property=\"og:site_name\" content=\"BMVMEDICAL\" \/>\n<meta property=\"article:modified_time\" content=\"2025-10-31T08:55:18+00:00\" \/>\n<meta property=\"og:image\" content=\"https:\/\/www.bmvmedical.it\/farmacia\/wp-content\/uploads\/2024\/11\/DR.DERM_.jpg\" \/>\n\t<meta property=\"og:image:width\" content=\"768\" \/>\n\t<meta property=\"og:image:height\" content=\"768\" \/>\n\t<meta property=\"og:image:type\" content=\"image\/jpeg\" \/>\n<meta name=\"twitter:card\" content=\"summary_large_image\" \/>\n<meta name=\"twitter:description\" content=\"[date_countdown]\" \/>\n<meta name=\"twitter:label1\" content=\"Tempo di lettura stimato\" \/>\n\t<meta name=\"twitter:data1\" content=\"1 minuto\" \/>\n<script type=\"application\/ld+json\" class=\"yoast-schema-graph\">{\"@context\":\"https:\\\/\\\/schema.org\",\"@graph\":[{\"@type\":\"WebPage\",\"@id\":\"https:\\\/\\\/www.bmvmedical.it\\\/farmacia\\\/farmacia\\\/apt\\\/dr-derm\\\/\",\"url\":\"https:\\\/\\\/www.bmvmedical.it\\\/farmacia\\\/farmacia\\\/apt\\\/dr-derm\\\/\",\"name\":\"Dr.Derm - Recensioni, Forum, Prezzo, Effetti, Farmacia | -50%\",\"isPartOf\":{\"@id\":\"https:\\\/\\\/www.bmvmedical.it\\\/farmacia\\\/#website\"},\"primaryImageOfPage\":{\"@id\":\"https:\\\/\\\/www.bmvmedical.it\\\/farmacia\\\/farmacia\\\/apt\\\/dr-derm\\\/#primaryimage\"},\"image\":{\"@id\":\"https:\\\/\\\/www.bmvmedical.it\\\/farmacia\\\/farmacia\\\/apt\\\/dr-derm\\\/#primaryimage\"},\"thumbnailUrl\":\"https:\\\/\\\/www.bmvmedical.it\\\/farmacia\\\/wp-content\\\/uploads\\\/2024\\\/11\\\/DR.DERM_.jpg\",\"datePublished\":\"2024-11-06T00:27:19+00:00\",\"dateModified\":\"2025-10-31T08:55:18+00:00\",\"breadcrumb\":{\"@id\":\"https:\\\/\\\/www.bmvmedical.it\\\/farmacia\\\/farmacia\\\/apt\\\/dr-derm\\\/#breadcrumb\"},\"inLanguage\":\"it-IT\",\"potentialAction\":[{\"@type\":\"ReadAction\",\"target\":[\"https:\\\/\\\/www.bmvmedical.it\\\/farmacia\\\/farmacia\\\/apt\\\/dr-derm\\\/\"]}]},{\"@type\":\"ImageObject\",\"inLanguage\":\"it-IT\",\"@id\":\"https:\\\/\\\/www.bmvmedical.it\\\/farmacia\\\/farmacia\\\/apt\\\/dr-derm\\\/#primaryimage\",\"url\":\"https:\\\/\\\/www.bmvmedical.it\\\/farmacia\\\/wp-content\\\/uploads\\\/2024\\\/11\\\/DR.DERM_.jpg\",\"contentUrl\":\"https:\\\/\\\/www.bmvmedical.it\\\/farmacia\\\/wp-content\\\/uploads\\\/2024\\\/11\\\/DR.DERM_.jpg\",\"width\":768,\"height\":768},{\"@type\":\"BreadcrumbList\",\"@id\":\"https:\\\/\\\/www.bmvmedical.it\\\/farmacia\\\/farmacia\\\/apt\\\/dr-derm\\\/#breadcrumb\",\"itemListElement\":[{\"@type\":\"ListItem\",\"position\":1,\"name\":\"Strona g\u0142\u00f3wna\",\"item\":\"https:\\\/\\\/www.bmvmedical.it\\\/farmacia\\\/\"},{\"@type\":\"ListItem\",\"position\":2,\"name\":\"Prodotti\",\"item\":\"https:\\\/\\\/www.bmvmedical.it\\\/farmacia\\\/\"},{\"@type\":\"ListItem\",\"position\":3,\"name\":\"Dr.Derm\"}]},{\"@type\":\"WebSite\",\"@id\":\"https:\\\/\\\/www.bmvmedical.it\\\/farmacia\\\/#website\",\"url\":\"https:\\\/\\\/www.bmvmedical.it\\\/farmacia\\\/\",\"name\":\"BMVMEDICAL\",\"description\":\"\",\"potentialAction\":[{\"@type\":\"SearchAction\",\"target\":{\"@type\":\"EntryPoint\",\"urlTemplate\":\"https:\\\/\\\/www.bmvmedical.it\\\/farmacia\\\/?s={search_term_string}\"},\"query-input\":{\"@type\":\"PropertyValueSpecification\",\"valueRequired\":true,\"valueName\":\"search_term_string\"}}],\"inLanguage\":\"it-IT\"}]}<\/script>\n<!-- \/ Yoast SEO plugin. -->","yoast_head_json":{"title":"Dr.Derm - Recensioni, Forum, Prezzo, Effetti, Farmacia | -50%","robots":{"index":"index","follow":"follow","max-snippet":"max-snippet:-1","max-image-preview":"max-image-preview:large","max-video-preview":"max-video-preview:-1"},"canonical":"https:\/\/www.bmvmedical.it\/farmacia\/farmacia\/apt\/dr-derm\/","og_locale":"it_IT","og_type":"article","og_title":"Dr.Derm - Recensioni, Forum, Prezzo, Effetti, Farmacia | -50%","og_url":"https:\/\/www.bmvmedical.it\/farmacia\/farmacia\/apt\/dr-derm\/","og_site_name":"BMVMEDICAL","article_modified_time":"2025-10-31T08:55:18+00:00","og_image":[{"width":768,"height":768,"url":"https:\/\/www.bmvmedical.it\/farmacia\/wp-content\/uploads\/2024\/11\/DR.DERM_.jpg","type":"image\/jpeg"}],"twitter_card":"summary_large_image","twitter_description":"[date_countdown]","twitter_misc":{"Tempo di lettura stimato":"1 minuto"},"schema":{"@context":"https:\/\/schema.org","@graph":[{"@type":"WebPage","@id":"https:\/\/www.bmvmedical.it\/farmacia\/farmacia\/apt\/dr-derm\/","url":"https:\/\/www.bmvmedical.it\/farmacia\/farmacia\/apt\/dr-derm\/","name":"Dr.Derm - Recensioni, Forum, Prezzo, Effetti, Farmacia | -50%","isPartOf":{"@id":"https:\/\/www.bmvmedical.it\/farmacia\/#website"},"primaryImageOfPage":{"@id":"https:\/\/www.bmvmedical.it\/farmacia\/farmacia\/apt\/dr-derm\/#primaryimage"},"image":{"@id":"https:\/\/www.bmvmedical.it\/farmacia\/farmacia\/apt\/dr-derm\/#primaryimage"},"thumbnailUrl":"https:\/\/www.bmvmedical.it\/farmacia\/wp-content\/uploads\/2024\/11\/DR.DERM_.jpg","datePublished":"2024-11-06T00:27:19+00:00","dateModified":"2025-10-31T08:55:18+00:00","breadcrumb":{"@id":"https:\/\/www.bmvmedical.it\/farmacia\/farmacia\/apt\/dr-derm\/#breadcrumb"},"inLanguage":"it-IT","potentialAction":[{"@type":"ReadAction","target":["https:\/\/www.bmvmedical.it\/farmacia\/farmacia\/apt\/dr-derm\/"]}]},{"@type":"ImageObject","inLanguage":"it-IT","@id":"https:\/\/www.bmvmedical.it\/farmacia\/farmacia\/apt\/dr-derm\/#primaryimage","url":"https:\/\/www.bmvmedical.it\/farmacia\/wp-content\/uploads\/2024\/11\/DR.DERM_.jpg","contentUrl":"https:\/\/www.bmvmedical.it\/farmacia\/wp-content\/uploads\/2024\/11\/DR.DERM_.jpg","width":768,"height":768},{"@type":"BreadcrumbList","@id":"https:\/\/www.bmvmedical.it\/farmacia\/farmacia\/apt\/dr-derm\/#breadcrumb","itemListElement":[{"@type":"ListItem","position":1,"name":"Strona g\u0142\u00f3wna","item":"https:\/\/www.bmvmedical.it\/farmacia\/"},{"@type":"ListItem","position":2,"name":"Prodotti","item":"https:\/\/www.bmvmedical.it\/farmacia\/"},{"@type":"ListItem","position":3,"name":"Dr.Derm"}]},{"@type":"WebSite","@id":"https:\/\/www.bmvmedical.it\/farmacia\/#website","url":"https:\/\/www.bmvmedical.it\/farmacia\/","name":"BMVMEDICAL","description":"","potentialAction":[{"@type":"SearchAction","target":{"@type":"EntryPoint","urlTemplate":"https:\/\/www.bmvmedical.it\/farmacia\/?s={search_term_string}"},"query-input":{"@type":"PropertyValueSpecification","valueRequired":true,"valueName":"search_term_string"}}],"inLanguage":"it-IT"}]}},"_links":{"self":[{"href":"https:\/\/www.bmvmedical.it\/farmacia\/wp-json\/wp\/v2\/product\/12252","targetHints":{"allow":["GET"]}}],"collection":[{"href":"https:\/\/www.bmvmedical.it\/farmacia\/wp-json\/wp\/v2\/product"}],"about":[{"href":"https:\/\/www.bmvmedical.it\/farmacia\/wp-json\/wp\/v2\/types\/product"}],"replies":[{"embeddable":true,"href":"https:\/\/www.bmvmedical.it\/farmacia\/wp-json\/wp\/v2\/comments?post=12252"}],"wp:featuredmedia":[{"embeddable":true,"href":"https:\/\/www.bmvmedical.it\/farmacia\/wp-json\/wp\/v2\/media\/12251"}],"wp:attachment":[{"href":"https:\/\/www.bmvmedical.it\/farmacia\/wp-json\/wp\/v2\/media?parent=12252"}],"wp:term":[{"taxonomy":"product_brand","embeddable":true,"href":"https:\/\/www.bmvmedical.it\/farmacia\/wp-json\/wp\/v2\/product_brand?post=12252"},{"taxonomy":"product_cat","embeddable":true,"href":"https:\/\/www.bmvmedical.it\/farmacia\/wp-json\/wp\/v2\/product_cat?post=12252"},{"taxonomy":"product_tag","embeddable":true,"href":"https:\/\/www.bmvmedical.it\/farmacia\/wp-json\/wp\/v2\/product_tag?post=12252"}],"curies":[{"name":"wp","href":"https:\/\/api.w.org\/{rel}","templated":true}]}}