{"id":12302,"date":"2024-11-06T01:27:46","date_gmt":"2024-11-06T00:27:46","guid":{"rendered":"https:\/\/www.psicologo-strizzacervelli.it\/farmacia\/apt\/abslim\/"},"modified":"2025-10-31T09:55:17","modified_gmt":"2025-10-31T08:55:17","slug":"abslim","status":"publish","type":"product","link":"https:\/\/www.bmvmedical.it\/farmacia\/farmacia\/apt\/abslim\/","title":{"rendered":"Abslim"},"content":{"rendered":"<h2 class=\"wp-block-heading\">Che cos&#8217;\u00e8 Abslim e come funziona?<\/h2>\n\n\n<p><b>Abslim<\/b> \u00e8 un <b>integratore alimentare<\/b> all&#8217;avanguardia pensato per chi desidera sostenere i processi di perdita di peso. <b>L&#8217;azione di<\/b> <b>Abslim<\/b> si basa su una sinergia di ingredienti naturali che mirano ad accelerare il metabolismo. Ci\u00f2 rende l&#8217;organismo pi\u00f9 efficiente, favorendo una pi\u00f9 efficace combustione dei grassi.<\/p>\n\n\n<p>L <b>&#8216;uso<\/b> regolare <b>di<\/b> Abslim pu\u00f2 anche contribuire a ridurre l&#8217;appetito. La riduzione del desiderio di spuntini facilita il controllo del peso nei diversi momenti della giornata. Molte persone notano <b>effetti<\/b> positivi legati alla perdita di peso gi\u00e0 dopo un breve periodo di utilizzo di questo integratore alimentare. L&#8217;aumento dell&#8217;energia e il miglioramento delle prestazioni sono ulteriori benefici che si aggiungono all&#8217;<b>effetto<\/b> completo <b>di<\/b> Abslim.<\/p>\n\n\n<h2 class=\"wp-block-heading\">Benefici di Abslim &#8211; Effetti<\/h2>\n\n\n<p>L&#8217;<b>uso dell<\/b> &#8216;integratore alimentare Abslim presenta numerosi <b>vantaggi<\/b> per chi mira a perdere peso. Tra gli effetti pi\u00f9 importanti c&#8217;\u00e8 l&#8217;accelerazione del metabolismo, che contribuisce in modo significativo a bruciare rapidamente il grasso corporeo. Molti utilizzatori di Abslim notano anche una riduzione della sensazione di fame, che rende pi\u00f9 facile attenersi a una dieta restrittiva.<\/p>\n\n\n<p>Oltre a influenzare positivamente il processo di perdita di peso, gli utenti riferiscono di aver migliorato il benessere e aumentato l&#8217;energia. Abslim supporta anche i processi di disintossicazione dell&#8217;organismo, con effetti sulla salute generale. Con l&#8217;uso regolare si possono notare molti <b>benefici<\/b>, che si traducono in una migliore qualit\u00e0 della vita e in una maggiore fiducia in se stessi.<\/p>\n\n\n<h2 class=\"wp-block-heading\">Come utilizzare correttamente Abslim &#8211; Dosaggio<\/h2>\n\n\n<p>Per ottenere i massimi <em>risultati<\/em> dall&#8217;integratore alimentare Abslim, \u00e8 fondamentale seguire le raccomandazioni sul <em>dosaggio<\/em>. Il produttore consiglia di assumere il prodotto due volte al giorno, preferibilmente prima dei pasti. Questo metodo di <em>applicazione<\/em> favorisce l&#8217;assorbimento dei principi attivi e consente di sfruttarne meglio le propriet\u00e0.<\/p>\n\n\n<p>Quando si utilizza Abslim, \u00e8 bene tenere presente che i primi risultati possono essere visibili in breve tempo, mentre si raccomanda di continuare il trattamento per un minimo di alcune settimane per mantenere effetti duraturi. La combinazione dell <em>&#8216;integratore alimentare<\/em> con una dieta equilibrata e un&#8217;attivit\u00e0 fisica regolare aumenta ulteriormente i risultati positivi.<\/p>\n\n\n<figure class=\"wp-block-table\"><table class=\"has-fixed-layout\"><tbody><tr><th>Dosaggio di Abslim<\/th><th>Porzione consigliata<\/th><th>Commenti<\/th><\/tr><tr><td>Dose mattutina<\/td><td>1 capsula prima di colazione<\/td><td>Preferibilmente con un bicchiere d&#8217;acqua<\/td><\/tr><tr><td>Dose serale<\/td><td>1 capsula prima di cena<\/td><td>Evitare di mangiare poco prima di andare a letto<\/td><\/tr><tr><td>Durata del trattamento<\/td><td>Min. 4-6 settimane<\/td><td>Vale la pena di monitorare <b>gli effetti di<\/b><\/td><\/tr><\/tbody><\/table><\/figure>\n\n\n<h2 class=\"wp-block-heading\">Recensioni e feedback su Abslim<\/h2>\n\n\n<p>Gli utenti che hanno assunto l&#8217;<b>integratore alimentare<\/b> Abslim condividono le loro esperienze e le loro <b>opinioni<\/b> variano notevolmente. Alcuni sottolineano i notevoli <b>effetti<\/b> che ottengono dopo l&#8217;uso del prodotto. Anne ha notato che dopo un mese di utilizzo di Abslim, i suoi vestiti sono diventati pi\u00f9 larghi, sentendosi meno affamata e avendo pi\u00f9 energia per gli allenamenti.<\/p>\n\n\n<p>Christopher racconta la sua sorpresa per i risultati che \u00e8 riuscito a ottenere. Ha perso cinque chili in quattro settimane, con un impatto significativo sul suo umore e sui livelli di energia. Si sente meglio e questo lo motiva ulteriormente a continuare.<\/p>\n\n\n<p>Marta sottolinea che Abslim \u00e8 facile da usare e gli effetti sono chiaramente visibili. Secondo lei, \u00e8 l&#8217;integratore alimentare ideale per chi vuole perdere peso in modo sano. Queste <b>recensioni<\/b> mostrano quanto varia possa essere l&#8217;esperienza di questo integratore.<\/p>\n\n\n<figure class=\"wp-block-table\"><table class=\"has-fixed-layout\"><tbody><tr><th>Nome<\/th><th>Effetti<\/th><th>Opinione complessiva<\/th><\/tr><tr><td>Ania<\/td><td>Abiti pi\u00f9 larghi, pi\u00f9 energia<\/td><td>Positivo &#8211; Consigliabile<\/td><\/tr><tr><td>Krzysztof<\/td><td>5 kg in meno in 4 settimane<\/td><td>Positivo &#8211; Sorpreso dall&#8217;effetto<\/td><\/tr><tr><td>Marta<\/td><td>Facile <b>applicazione<\/b>, <b>effetto<\/b> evidente<\/td><td>Positivo &#8211; Consigliabile<\/td><\/tr><\/tbody><\/table><\/figure>\n\n\n<h2 class=\"wp-block-heading\">Composizione dell&#8217;Abslim &#8211; Analisi degli ingredienti<\/h2>\n\n\n<p>L&#8217;integratore alimentare Abslim \u00e8 caratterizzato da una composizione accuratamente formulata per favorire la perdita di peso. La sua formula contiene <b>ingredienti<\/b> naturali studiati per migliorare il metabolismo e disintossicare l&#8217;organismo. Gli ingredienti chiave contenuti in Abslim sono:<\/p>\n\n\n\n<ul class=\"wp-block-list\">\n<li><em>Estratto di t\u00e8 verde<\/em> &#8211; accelera la combustione dei grassi e favorisce la termogenesi.<\/li>\n\n\n\n<li><em>Fibre alimentari<\/em> &#8211; aiutano a mantenere il senso di saziet\u00e0, importante durante la perdita di peso.<\/li>\n\n\n\n<li><em>Estratto di pompelmo<\/em> &#8211; agisce sulla regolazione dei livelli di zucchero nel sangue, contribuendo in modo significativo a frenare l&#8217;appetito.<\/li>\n\n\n\n<li><em>Caff\u00e8 verde<\/em> &#8211; contiene acido clorogenico, che ritarda l&#8217;assorbimento dei carboidrati nell&#8217;organismo.<\/li>\n<\/ul>\n\n\n<p>L<b>&#8216;analisi di<\/b> questi ingredienti mostra i loro effetti benefici sulla salute e sulla perdita di peso. Con una composizione cos\u00ec varia, Abslim \u00e8 diventato una scelta popolare tra coloro che cercano soluzioni efficaci nell&#8217;integrazione alimentare. L&#8217;uso di estratti naturali fa s\u00ec che questo integratore alimentare sia considerato sicuro per l&#8217;organismo.<\/p>\n\n\n<h2 class=\"wp-block-heading\">Abslim prezzo &#8211; Dove acquistare?<\/h2>\n\n\n<p>L&#8217;acquisto dell&#8217;integratore alimentare Abslim \u00e8 possibile solo attraverso il sito <em>ufficiale del produttore<\/em>. Questo tipo di approccio garantisce la sicurezza della qualit\u00e0 e dell&#8217;originalit\u00e0 del prodotto, che \u00e8 fondamentale per la salute degli utenti. <em>Il prezzo di<\/em> Abslim pu\u00f2 variare a seconda delle promozioni e delle offerte speciali in corso. Per questo motivo, vale la pena di controllare regolarmente il sito web del produttore per ottenere le migliori offerte.<\/p>\n\n\n<p>Acquistare direttamente dal <em>produttore ufficiale<\/em> \u00e8 fondamentale. Solo in questo modo si pu\u00f2 essere sicuri di acquistare un prodotto autentico, eliminando il rischio di acquistare falsi. Chi si chiede <em>dove acquistare<\/em> Abslim dovrebbe seguire questi consigli per evitare spiacevoli sorprese.<\/p>\n\n\n<h2 class=\"wp-block-heading\">Abslim &#8211; Effetti collaterali e controindicazioni &#8211; \u00c8 sicuro?<\/h2>\n\n\n<p>Abslim, come integratore alimentare, \u00e8 popolare tra coloro che mirano a ridurre il peso. Tuttavia, prima di iniziare a utilizzarlo, \u00e8 bene prestare attenzione ai potenziali <b>effetti collaterali<\/b> e alle <b>controindicazioni<\/b>. Se usato correttamente, \u00e8 considerato sicuro, ma c&#8217;\u00e8 sempre bisogno di cautela, soprattutto per chi soffre di malattie croniche.<\/p>\n\n\n<p>Tra i rari effetti collaterali, possono verificarsi disturbi gastrointestinali come nausea o diarrea. Inoltre, anche se non molto comuni, possono verificarsi reazioni allergiche in caso di ipersensibilit\u00e0 a uno qualsiasi degli ingredienti. Per questo motivo si raccomanda di consultare il medico prima di iniziare il trattamento per accertarsi della sicurezza di Abslim.<\/p>\n\n\n<p>\u00c8 inoltre importante tenere presente le controindicazioni, come la gravidanza e l&#8217;allattamento, quando un integratore alimentare non \u00e8 consigliabile. Qualsiasi decisione di includere questo prodotto nella propria dieta deve essere attentamente valutata per garantire la propria salute e <b>sicurezza<\/b>. Per godere appieno dei benefici di Abslim, \u00e8 consigliabile avvicinarsi al suo utilizzo con cautela.<\/p>\n","protected":false},"excerpt":{"rendered":"<p><strong>[date_countdown]<\/strong><\/p>\n<p><img decoding=\"async\" class=\"alignnone  wp-image-12574\" src=\"https:\/\/www.bmvmedical.it\/farmacia\/wp-content\/uploads\/2024\/11\/SAFE-PAY-300x88-1.png\" alt=\"SAFE-PAY-300x88\" width=\"201\" height=\"59\" \/><\/p>\n","protected":false},"featured_media":12301,"comment_status":"open","ping_status":"closed","template":"","meta":{"neve_meta_sidebar":"","neve_meta_container":"","neve_meta_enable_content_width":"","neve_meta_content_width":0,"neve_meta_title_alignment":"","neve_meta_author_avatar":"","neve_post_elements_order":"","neve_meta_disable_header":"","neve_meta_disable_footer":"","neve_meta_disable_title":""},"product_brand":[],"product_cat":[329,565],"product_tag":[],"class_list":{"0":"post-12302","1":"product","2":"type-product","3":"status-publish","4":"has-post-thumbnail","6":"product_cat-dimagrimento","7":"product_cat-t","9":"first","10":"instock","11":"sale","12":"shipping-taxable","13":"product-type-external"},"yoast_head":"<!-- This site is optimized with the Yoast SEO plugin v27.3 - https:\/\/yoast.com\/product\/yoast-seo-wordpress\/ -->\n<title>Abslim - Recensioni, Forum, Prezzo, Effetti, Farmacia | -50%<\/title>\n<meta name=\"robots\" content=\"index, follow, max-snippet:-1, max-image-preview:large, max-video-preview:-1\" \/>\n<link rel=\"canonical\" href=\"https:\/\/www.bmvmedical.it\/farmacia\/farmacia\/apt\/abslim\/\" \/>\n<meta property=\"og:locale\" content=\"it_IT\" \/>\n<meta property=\"og:type\" content=\"article\" \/>\n<meta property=\"og:title\" content=\"Abslim - Recensioni, Forum, Prezzo, Effetti, Farmacia | -50%\" \/>\n<meta property=\"og:url\" content=\"https:\/\/www.bmvmedical.it\/farmacia\/farmacia\/apt\/abslim\/\" \/>\n<meta property=\"og:site_name\" content=\"BMVMEDICAL\" \/>\n<meta property=\"article:modified_time\" content=\"2025-10-31T08:55:17+00:00\" \/>\n<meta property=\"og:image\" content=\"https:\/\/www.bmvmedical.it\/farmacia\/wp-content\/uploads\/2024\/11\/Abslim.jpg\" \/>\n\t<meta property=\"og:image:width\" content=\"768\" \/>\n\t<meta property=\"og:image:height\" content=\"768\" \/>\n\t<meta property=\"og:image:type\" content=\"image\/jpeg\" \/>\n<meta name=\"twitter:card\" content=\"summary_large_image\" \/>\n<meta name=\"twitter:description\" content=\"[date_countdown]\" \/>\n<meta name=\"twitter:label1\" content=\"Tempo di lettura stimato\" \/>\n\t<meta name=\"twitter:data1\" content=\"6 minuti\" \/>\n<script type=\"application\/ld+json\" class=\"yoast-schema-graph\">{\"@context\":\"https:\\\/\\\/schema.org\",\"@graph\":[{\"@type\":\"WebPage\",\"@id\":\"https:\\\/\\\/www.bmvmedical.it\\\/farmacia\\\/farmacia\\\/apt\\\/abslim\\\/\",\"url\":\"https:\\\/\\\/www.bmvmedical.it\\\/farmacia\\\/farmacia\\\/apt\\\/abslim\\\/\",\"name\":\"Abslim - Recensioni, Forum, Prezzo, Effetti, Farmacia | -50%\",\"isPartOf\":{\"@id\":\"https:\\\/\\\/www.bmvmedical.it\\\/farmacia\\\/#website\"},\"primaryImageOfPage\":{\"@id\":\"https:\\\/\\\/www.bmvmedical.it\\\/farmacia\\\/farmacia\\\/apt\\\/abslim\\\/#primaryimage\"},\"image\":{\"@id\":\"https:\\\/\\\/www.bmvmedical.it\\\/farmacia\\\/farmacia\\\/apt\\\/abslim\\\/#primaryimage\"},\"thumbnailUrl\":\"https:\\\/\\\/www.bmvmedical.it\\\/farmacia\\\/wp-content\\\/uploads\\\/2024\\\/11\\\/Abslim.jpg\",\"datePublished\":\"2024-11-06T00:27:46+00:00\",\"dateModified\":\"2025-10-31T08:55:17+00:00\",\"breadcrumb\":{\"@id\":\"https:\\\/\\\/www.bmvmedical.it\\\/farmacia\\\/farmacia\\\/apt\\\/abslim\\\/#breadcrumb\"},\"inLanguage\":\"it-IT\",\"potentialAction\":[{\"@type\":\"ReadAction\",\"target\":[\"https:\\\/\\\/www.bmvmedical.it\\\/farmacia\\\/farmacia\\\/apt\\\/abslim\\\/\"]}]},{\"@type\":\"ImageObject\",\"inLanguage\":\"it-IT\",\"@id\":\"https:\\\/\\\/www.bmvmedical.it\\\/farmacia\\\/farmacia\\\/apt\\\/abslim\\\/#primaryimage\",\"url\":\"https:\\\/\\\/www.bmvmedical.it\\\/farmacia\\\/wp-content\\\/uploads\\\/2024\\\/11\\\/Abslim.jpg\",\"contentUrl\":\"https:\\\/\\\/www.bmvmedical.it\\\/farmacia\\\/wp-content\\\/uploads\\\/2024\\\/11\\\/Abslim.jpg\",\"width\":768,\"height\":768},{\"@type\":\"BreadcrumbList\",\"@id\":\"https:\\\/\\\/www.bmvmedical.it\\\/farmacia\\\/farmacia\\\/apt\\\/abslim\\\/#breadcrumb\",\"itemListElement\":[{\"@type\":\"ListItem\",\"position\":1,\"name\":\"Strona g\u0142\u00f3wna\",\"item\":\"https:\\\/\\\/www.bmvmedical.it\\\/farmacia\\\/\"},{\"@type\":\"ListItem\",\"position\":2,\"name\":\"Prodotti\",\"item\":\"https:\\\/\\\/www.bmvmedical.it\\\/farmacia\\\/\"},{\"@type\":\"ListItem\",\"position\":3,\"name\":\"Abslim\"}]},{\"@type\":\"WebSite\",\"@id\":\"https:\\\/\\\/www.bmvmedical.it\\\/farmacia\\\/#website\",\"url\":\"https:\\\/\\\/www.bmvmedical.it\\\/farmacia\\\/\",\"name\":\"BMVMEDICAL\",\"description\":\"\",\"potentialAction\":[{\"@type\":\"SearchAction\",\"target\":{\"@type\":\"EntryPoint\",\"urlTemplate\":\"https:\\\/\\\/www.bmvmedical.it\\\/farmacia\\\/?s={search_term_string}\"},\"query-input\":{\"@type\":\"PropertyValueSpecification\",\"valueRequired\":true,\"valueName\":\"search_term_string\"}}],\"inLanguage\":\"it-IT\"}]}<\/script>\n<!-- \/ Yoast SEO plugin. -->","yoast_head_json":{"title":"Abslim - Recensioni, Forum, Prezzo, Effetti, Farmacia | -50%","robots":{"index":"index","follow":"follow","max-snippet":"max-snippet:-1","max-image-preview":"max-image-preview:large","max-video-preview":"max-video-preview:-1"},"canonical":"https:\/\/www.bmvmedical.it\/farmacia\/farmacia\/apt\/abslim\/","og_locale":"it_IT","og_type":"article","og_title":"Abslim - Recensioni, Forum, Prezzo, Effetti, Farmacia | -50%","og_url":"https:\/\/www.bmvmedical.it\/farmacia\/farmacia\/apt\/abslim\/","og_site_name":"BMVMEDICAL","article_modified_time":"2025-10-31T08:55:17+00:00","og_image":[{"width":768,"height":768,"url":"https:\/\/www.bmvmedical.it\/farmacia\/wp-content\/uploads\/2024\/11\/Abslim.jpg","type":"image\/jpeg"}],"twitter_card":"summary_large_image","twitter_description":"[date_countdown]","twitter_misc":{"Tempo di lettura stimato":"6 minuti"},"schema":{"@context":"https:\/\/schema.org","@graph":[{"@type":"WebPage","@id":"https:\/\/www.bmvmedical.it\/farmacia\/farmacia\/apt\/abslim\/","url":"https:\/\/www.bmvmedical.it\/farmacia\/farmacia\/apt\/abslim\/","name":"Abslim - Recensioni, Forum, Prezzo, Effetti, Farmacia | -50%","isPartOf":{"@id":"https:\/\/www.bmvmedical.it\/farmacia\/#website"},"primaryImageOfPage":{"@id":"https:\/\/www.bmvmedical.it\/farmacia\/farmacia\/apt\/abslim\/#primaryimage"},"image":{"@id":"https:\/\/www.bmvmedical.it\/farmacia\/farmacia\/apt\/abslim\/#primaryimage"},"thumbnailUrl":"https:\/\/www.bmvmedical.it\/farmacia\/wp-content\/uploads\/2024\/11\/Abslim.jpg","datePublished":"2024-11-06T00:27:46+00:00","dateModified":"2025-10-31T08:55:17+00:00","breadcrumb":{"@id":"https:\/\/www.bmvmedical.it\/farmacia\/farmacia\/apt\/abslim\/#breadcrumb"},"inLanguage":"it-IT","potentialAction":[{"@type":"ReadAction","target":["https:\/\/www.bmvmedical.it\/farmacia\/farmacia\/apt\/abslim\/"]}]},{"@type":"ImageObject","inLanguage":"it-IT","@id":"https:\/\/www.bmvmedical.it\/farmacia\/farmacia\/apt\/abslim\/#primaryimage","url":"https:\/\/www.bmvmedical.it\/farmacia\/wp-content\/uploads\/2024\/11\/Abslim.jpg","contentUrl":"https:\/\/www.bmvmedical.it\/farmacia\/wp-content\/uploads\/2024\/11\/Abslim.jpg","width":768,"height":768},{"@type":"BreadcrumbList","@id":"https:\/\/www.bmvmedical.it\/farmacia\/farmacia\/apt\/abslim\/#breadcrumb","itemListElement":[{"@type":"ListItem","position":1,"name":"Strona g\u0142\u00f3wna","item":"https:\/\/www.bmvmedical.it\/farmacia\/"},{"@type":"ListItem","position":2,"name":"Prodotti","item":"https:\/\/www.bmvmedical.it\/farmacia\/"},{"@type":"ListItem","position":3,"name":"Abslim"}]},{"@type":"WebSite","@id":"https:\/\/www.bmvmedical.it\/farmacia\/#website","url":"https:\/\/www.bmvmedical.it\/farmacia\/","name":"BMVMEDICAL","description":"","potentialAction":[{"@type":"SearchAction","target":{"@type":"EntryPoint","urlTemplate":"https:\/\/www.bmvmedical.it\/farmacia\/?s={search_term_string}"},"query-input":{"@type":"PropertyValueSpecification","valueRequired":true,"valueName":"search_term_string"}}],"inLanguage":"it-IT"}]}},"_links":{"self":[{"href":"https:\/\/www.bmvmedical.it\/farmacia\/wp-json\/wp\/v2\/product\/12302","targetHints":{"allow":["GET"]}}],"collection":[{"href":"https:\/\/www.bmvmedical.it\/farmacia\/wp-json\/wp\/v2\/product"}],"about":[{"href":"https:\/\/www.bmvmedical.it\/farmacia\/wp-json\/wp\/v2\/types\/product"}],"replies":[{"embeddable":true,"href":"https:\/\/www.bmvmedical.it\/farmacia\/wp-json\/wp\/v2\/comments?post=12302"}],"wp:featuredmedia":[{"embeddable":true,"href":"https:\/\/www.bmvmedical.it\/farmacia\/wp-json\/wp\/v2\/media\/12301"}],"wp:attachment":[{"href":"https:\/\/www.bmvmedical.it\/farmacia\/wp-json\/wp\/v2\/media?parent=12302"}],"wp:term":[{"taxonomy":"product_brand","embeddable":true,"href":"https:\/\/www.bmvmedical.it\/farmacia\/wp-json\/wp\/v2\/product_brand?post=12302"},{"taxonomy":"product_cat","embeddable":true,"href":"https:\/\/www.bmvmedical.it\/farmacia\/wp-json\/wp\/v2\/product_cat?post=12302"},{"taxonomy":"product_tag","embeddable":true,"href":"https:\/\/www.bmvmedical.it\/farmacia\/wp-json\/wp\/v2\/product_tag?post=12302"}],"curies":[{"name":"wp","href":"https:\/\/api.w.org\/{rel}","templated":true}]}}