{"id":12466,"date":"2024-11-06T01:29:12","date_gmt":"2024-11-06T00:29:12","guid":{"rendered":"https:\/\/www.psicologo-strizzacervelli.it\/farmacia\/apt\/detoxil-water\/"},"modified":"2025-10-31T09:55:16","modified_gmt":"2025-10-31T08:55:16","slug":"detoxil-water","status":"publish","type":"product","link":"https:\/\/www.bmvmedical.it\/farmacia\/farmacia\/apt\/detoxil-water\/","title":{"rendered":"Detoxil Water"},"content":{"rendered":"\n<h2 class=\"wp-block-heading\">Che cos&#8217;\u00e8 Detoxil Water e come funziona?<\/h2>\n\n\n\n<p><b>Detoxil Water<\/b> \u00e8 un <b>integratore<\/b> naturale in gocce che svolge un ruolo fondamentale nel processo di disintossicazione dell&#8217;organismo. Agisce eliminando le tossine e i parassiti, a beneficio della salute intestinale. I <b>principi<\/b> attivi utilizzati in Detoxil Water si distinguono per le loro propriet\u00e0 antiparassitarie e antinfiammatorie, che lo rendono un valido supporto per la rigenerazione dell&#8217;organismo.<\/p>\n\n\n\n<p>Sostenendo la <b>salute dell&#8217;intestino<\/b>, Detoxil Water contribuisce a migliorare la flora batterica, importante per il corretto funzionamento dell&#8217;apparato digerente. La formula non solo depura l&#8217;organismo, ma ha anche l&#8217;effetto di rafforzare il sistema immunitario, che aiuta a eliminare efficacemente le tossine. L&#8217;uso regolare pu\u00f2 migliorare significativamente il benessere e la salute degli utenti.<\/p>\n\n\n\n<h2 class=\"wp-block-heading\">Detoxil Water &#8211; effetti<\/h2>\n\n\n\n<p>L&#8217;uso regolare di Detoxil Water ha effetti significativi. Molte persone riferiscono <em>un miglioramento della salute<\/em>, legato al rafforzamento dei processi di pulizia naturale dell&#8217;organismo. Uno degli aspetti chiave \u00e8 la <em>pulizia dell&#8217;organismo<\/em>, che favorisce il benessere e la forma fisica generale.<\/p>\n\n\n\n<p>Gli utilizzatori notano anche che il prodotto pu\u00f2 contribuire ad aumentare l&#8217;energia, con un impatto positivo sulle attivit\u00e0 quotidiane. Inoltre, Detoxil Water favorisce <em>il rafforzamento delle difese immunitarie<\/em>, particolarmente importante nei periodi di maggior rischio di infezioni.<\/p>\n\n\n\n<p><b>Gli effetti di Detoxil Water<\/b> comprendono anche un visibile miglioramento delle condizioni della pelle e dei capelli, che si nota gi\u00e0 dopo poche settimane di utilizzo. L&#8217;uso regolare di questo prodotto pu\u00f2 quindi apportare una serie di benefici che migliorano la qualit\u00e0 della vita.<\/p>\n\n\n\n<h2 class=\"wp-block-heading\">Come si usa Detoxil Water? &#8211; Dosaggio<\/h2>\n\n\n\n<p>Detoxil Water \u00e8 un <b>integratore<\/b> alimentare che favorisce il processo di disintossicazione dell&#8217;organismo. <b>Le raccomandazioni<\/b> sul dosaggio <b>di<\/b> Detoxil Water sono chiare e semplici. Assumere 10-15 gocce, due volte al giorno, mattina e sera. Possono essere sciolte in acqua o assunte direttamente.<\/p>\n\n\n\n<p>I risultati migliori si ottengono quando il prodotto viene assunto a stomaco vuoto o subito dopo i pasti. La regolarit\u00e0 nell&#8217;uso dell&#8217;integratore contribuisce al raggiungimento di risultati depurativi ottimali. Chi \u00e8 interessato a questo prodotto dovrebbe sempre seguire le indicazioni del produttore per garantire sicurezza ed efficacia.<\/p>\n\n\n\n<h2 class=\"wp-block-heading\">Esperienze degli utenti e recensioni di Detoxil Water &#8211; quali sono le recensioni?<\/h2>\n\n\n\n<p>Le <b>recensioni di Detoxil Water<\/b> sono estremamente positive e gli utenti sono felici di condividere le loro esperienze. Molte persone notano un miglioramento significativo del loro benessere dopo aver iniziato l&#8217;integrazione. <b>Le esperienze degli utenti<\/b> variano, ma il denominatore comune \u00e8 rappresentato dagli effetti positivi.<\/p>\n\n\n\n<p>Maja, un&#8217;utente di 35 anni, sostiene che dopo sole tre settimane di utilizzo ha notato un miglioramento della digestione e un aumento dell&#8217;energia.<\/p>\n\n\n\n<blockquote class=\"wp-block-quote is-layout-flow wp-block-quote-is-layout-flow\">\n<p>&#8220;Non mi sono mai sentita meglio&#8221;, dice.<\/p>\n<\/blockquote>\n\n\n\n<p>sottolinea. Janek, 45 anni, sottolinea che Detoxil Water lo ha aiutato a combattere la stanchezza cronica.<\/p>\n\n\n\n<blockquote class=\"wp-block-quote is-layout-flow wp-block-quote-is-layout-flow\">\n<p>&#8220;Ho sentito subito la differenza&#8221;, dice.<\/p>\n<\/blockquote>\n\n\n\n<p>dice.<\/p>\n\n\n\n<p>Anche Kasia, 28 anni, condivide le sue sensazioni positive. Descrive il miglioramento delle condizioni della pelle come un ulteriore beneficio.<\/p>\n\n\n\n<blockquote class=\"wp-block-quote is-layout-flow wp-block-quote-is-layout-flow\">\n<p>&#8220;Sono sorpreso dai risultati che ho ottenuto&#8221;, afferma.<\/p>\n<\/blockquote>\n\n\n\n<p>aggiunge, confermando il crescente interesse per questo integratore. Tali <b>recensioni<\/b> indicano chiaramente una notevole soddisfazione degli utenti e raccomandano Detoxil Water come un efficace supporto per la depurazione dell&#8217;organismo.<\/p>\n\n\n\n<h2 class=\"wp-block-heading\">Detoxil Water &#8211; Composizione<\/h2>\n\n\n\n<p><b>La composizione Detoxil Water<\/b> \u00e8 una miscela accuratamente selezionata di ingredienti vegetali che contribuiscono alla depurazione dell&#8217;organismo. Tra questi vi sono <em>Moringa<\/em>, <em>Pau d&#8217;Arco<\/em>, <em>noce nera<\/em>, <em>foglie di olivo<\/em>, <em>radice di curcuma<\/em> e <em>asafetida<\/em>.<\/p>\n\n\n\n<p>La moringa si distingue per le sue propriet\u00e0 antinfiammatorie e antiparassitarie. Il Pau d&#8217;Arco agisce come potente agente antibatterico e la noce nera favorisce la <b>salute dell<\/b> &#8216;apparato digerente. Gli estratti di foglie d&#8217;olivo rafforzano l&#8217;immunit\u00e0 dell&#8217;organismo fornendo preziosi ingredienti. La curcuma contribuisce a un&#8217;efficace disintossicazione, mentre l&#8217;asafetida ha un effetto calmante sul tratto digestivo.<\/p>\n\n\n\n<p>Tutti questi <b>ingredienti<\/b> <b>naturali<\/b> sono studiati per migliorare il benessere generale, supportando i processi di disintossicazione e apportando preziosi <b>benefici<\/b> alla salute. <b>La composizione di Detoxil Water<\/b> dimostra come la combinazione di natura e scienza possa portare risultati benefici nella lotta contro le tossine nell&#8217;organismo.<\/p>\n\n\n\n<h2 class=\"wp-block-heading\">Dove acquistare e qual \u00e8 il prezzo di Detoxil Water?<\/h2>\n\n\n\n<p>L&#8217;acquisto di Detoxil Water \u00e8 possibile solo sul <em>sito ufficiale del produttore<\/em>. Questo approccio garantisce l&#8217;originalit\u00e0 del prodotto e l&#8217;accesso alle promozioni in corso. I clienti possono contare su diverse offerte che possono ridurre significativamente <em>il prezzo di Detoxil Water<\/em>. Vale la pena controllare regolarmente il sito web per non perdere sconti interessanti.<\/p>\n\n\n\n<p>Detoxil Water non \u00e8 disponibile nelle farmacie fisse, per cui l&#8217;acquisto online \u00e8 l&#8217;unica opzione per chi desidera godere dei benefici di questo integratore. I prezzi in offerta possono variare a seconda delle promozioni in corso, il che invita a visitare spesso il <em>sito ufficiale del produttore<\/em> per trovare le offerte migliori.<\/p>\n\n\n\n<h2 class=\"wp-block-heading\">Detoxil Water &#8211; Effetti collaterali e controindicazioni<\/h2>\n\n\n\n<p>Detoxil Water, pur essendo un prodotto naturale, pu\u00f2 causare <strong>effetti collaterali<\/strong> in alcuni utenti. Tra i sintomi pi\u00f9 comunemente segnalati ci sono le reazioni allergiche a specifici ingredienti del prodotto. Le persone con ipersensibilit\u00e0 dovrebbero essere particolarmente attente e monitorare eventuali reazioni avverse del corpo durante l&#8217;uso di questo integratore.<\/p>\n\n\n\n<p>Si raccomanda in particolare alle donne in gravidanza e in allattamento di consultare il proprio medico prima di iniziare l&#8217;integrazione con Detoxil Water. Questa azione aiuter\u00e0 a valutare la sicurezza e le eventuali <strong>controindicazioni<\/strong> associate all&#8217;uso di questo prodotto. \u00c8 importante affrontare questo preparato con cautela, tenendo conto delle caratteristiche individuali del corpo.<\/p>\n","protected":false},"excerpt":{"rendered":"<p><strong>[date_countdown]<\/strong><\/p>\n<p><img decoding=\"async\" class=\"alignnone  wp-image-12574\" src=\"https:\/\/www.bmvmedical.it\/farmacia\/wp-content\/uploads\/2024\/11\/SAFE-PAY-300x88-1.png\" alt=\"SAFE-PAY-300x88\" width=\"201\" height=\"59\" \/><\/p>\n","protected":false},"featured_media":12465,"comment_status":"open","ping_status":"closed","template":"","meta":{"neve_meta_sidebar":"","neve_meta_container":"","neve_meta_enable_content_width":"","neve_meta_content_width":0,"neve_meta_title_alignment":"","neve_meta_author_avatar":"","neve_post_elements_order":"","neve_meta_disable_header":"","neve_meta_disable_footer":"","neve_meta_disable_title":""},"product_brand":[],"product_cat":[113,565],"product_tag":[],"class_list":{"0":"post-12466","1":"product","2":"type-product","3":"status-publish","4":"has-post-thumbnail","6":"product_cat-salute","7":"product_cat-t","9":"first","10":"instock","11":"sale","12":"shipping-taxable","13":"product-type-external"},"yoast_head":"<!-- This site is optimized with the Yoast SEO plugin v27.4 - https:\/\/yoast.com\/product\/yoast-seo-wordpress\/ -->\n<title>Detoxil Water - Recensioni, Forum, Prezzo, Effetti, Farmacia | -50%<\/title>\n<meta name=\"robots\" content=\"index, follow, max-snippet:-1, max-image-preview:large, max-video-preview:-1\" \/>\n<link rel=\"canonical\" href=\"https:\/\/www.bmvmedical.it\/farmacia\/farmacia\/apt\/detoxil-water\/\" \/>\n<meta property=\"og:locale\" content=\"it_IT\" \/>\n<meta property=\"og:type\" content=\"article\" \/>\n<meta property=\"og:title\" content=\"Detoxil Water - Recensioni, Forum, Prezzo, Effetti, Farmacia | -50%\" \/>\n<meta property=\"og:url\" content=\"https:\/\/www.bmvmedical.it\/farmacia\/farmacia\/apt\/detoxil-water\/\" \/>\n<meta property=\"og:site_name\" content=\"BMVMEDICAL\" \/>\n<meta property=\"article:modified_time\" content=\"2025-10-31T08:55:16+00:00\" \/>\n<meta property=\"og:image\" content=\"https:\/\/www.bmvmedical.it\/farmacia\/wp-content\/uploads\/2024\/11\/Detoxil-Water.jpg\" \/>\n\t<meta property=\"og:image:width\" content=\"768\" \/>\n\t<meta property=\"og:image:height\" content=\"768\" \/>\n\t<meta property=\"og:image:type\" content=\"image\/jpeg\" \/>\n<meta name=\"twitter:card\" content=\"summary_large_image\" \/>\n<meta name=\"twitter:description\" content=\"[date_countdown]\" \/>\n<meta name=\"twitter:label1\" content=\"Tempo di lettura stimato\" \/>\n\t<meta name=\"twitter:data1\" content=\"5 minuti\" \/>\n<script type=\"application\/ld+json\" class=\"yoast-schema-graph\">{\"@context\":\"https:\\\/\\\/schema.org\",\"@graph\":[{\"@type\":\"WebPage\",\"@id\":\"https:\\\/\\\/www.bmvmedical.it\\\/farmacia\\\/farmacia\\\/apt\\\/detoxil-water\\\/\",\"url\":\"https:\\\/\\\/www.bmvmedical.it\\\/farmacia\\\/farmacia\\\/apt\\\/detoxil-water\\\/\",\"name\":\"Detoxil Water - Recensioni, Forum, Prezzo, Effetti, Farmacia | -50%\",\"isPartOf\":{\"@id\":\"https:\\\/\\\/www.bmvmedical.it\\\/farmacia\\\/#website\"},\"primaryImageOfPage\":{\"@id\":\"https:\\\/\\\/www.bmvmedical.it\\\/farmacia\\\/farmacia\\\/apt\\\/detoxil-water\\\/#primaryimage\"},\"image\":{\"@id\":\"https:\\\/\\\/www.bmvmedical.it\\\/farmacia\\\/farmacia\\\/apt\\\/detoxil-water\\\/#primaryimage\"},\"thumbnailUrl\":\"https:\\\/\\\/www.bmvmedical.it\\\/farmacia\\\/wp-content\\\/uploads\\\/2024\\\/11\\\/Detoxil-Water.jpg\",\"datePublished\":\"2024-11-06T00:29:12+00:00\",\"dateModified\":\"2025-10-31T08:55:16+00:00\",\"breadcrumb\":{\"@id\":\"https:\\\/\\\/www.bmvmedical.it\\\/farmacia\\\/farmacia\\\/apt\\\/detoxil-water\\\/#breadcrumb\"},\"inLanguage\":\"it-IT\",\"potentialAction\":[{\"@type\":\"ReadAction\",\"target\":[\"https:\\\/\\\/www.bmvmedical.it\\\/farmacia\\\/farmacia\\\/apt\\\/detoxil-water\\\/\"]}]},{\"@type\":\"ImageObject\",\"inLanguage\":\"it-IT\",\"@id\":\"https:\\\/\\\/www.bmvmedical.it\\\/farmacia\\\/farmacia\\\/apt\\\/detoxil-water\\\/#primaryimage\",\"url\":\"https:\\\/\\\/www.bmvmedical.it\\\/farmacia\\\/wp-content\\\/uploads\\\/2024\\\/11\\\/Detoxil-Water.jpg\",\"contentUrl\":\"https:\\\/\\\/www.bmvmedical.it\\\/farmacia\\\/wp-content\\\/uploads\\\/2024\\\/11\\\/Detoxil-Water.jpg\",\"width\":768,\"height\":768},{\"@type\":\"BreadcrumbList\",\"@id\":\"https:\\\/\\\/www.bmvmedical.it\\\/farmacia\\\/farmacia\\\/apt\\\/detoxil-water\\\/#breadcrumb\",\"itemListElement\":[{\"@type\":\"ListItem\",\"position\":1,\"name\":\"Strona g\u0142\u00f3wna\",\"item\":\"https:\\\/\\\/www.bmvmedical.it\\\/farmacia\\\/\"},{\"@type\":\"ListItem\",\"position\":2,\"name\":\"Prodotti\",\"item\":\"https:\\\/\\\/www.bmvmedical.it\\\/farmacia\\\/\"},{\"@type\":\"ListItem\",\"position\":3,\"name\":\"Detoxil Water\"}]},{\"@type\":\"WebSite\",\"@id\":\"https:\\\/\\\/www.bmvmedical.it\\\/farmacia\\\/#website\",\"url\":\"https:\\\/\\\/www.bmvmedical.it\\\/farmacia\\\/\",\"name\":\"BMVMEDICAL\",\"description\":\"\",\"potentialAction\":[{\"@type\":\"SearchAction\",\"target\":{\"@type\":\"EntryPoint\",\"urlTemplate\":\"https:\\\/\\\/www.bmvmedical.it\\\/farmacia\\\/?s={search_term_string}\"},\"query-input\":{\"@type\":\"PropertyValueSpecification\",\"valueRequired\":true,\"valueName\":\"search_term_string\"}}],\"inLanguage\":\"it-IT\"}]}<\/script>\n<!-- \/ Yoast SEO plugin. -->","yoast_head_json":{"title":"Detoxil Water - Recensioni, Forum, Prezzo, Effetti, Farmacia | -50%","robots":{"index":"index","follow":"follow","max-snippet":"max-snippet:-1","max-image-preview":"max-image-preview:large","max-video-preview":"max-video-preview:-1"},"canonical":"https:\/\/www.bmvmedical.it\/farmacia\/farmacia\/apt\/detoxil-water\/","og_locale":"it_IT","og_type":"article","og_title":"Detoxil Water - Recensioni, Forum, Prezzo, Effetti, Farmacia | -50%","og_url":"https:\/\/www.bmvmedical.it\/farmacia\/farmacia\/apt\/detoxil-water\/","og_site_name":"BMVMEDICAL","article_modified_time":"2025-10-31T08:55:16+00:00","og_image":[{"width":768,"height":768,"url":"https:\/\/www.bmvmedical.it\/farmacia\/wp-content\/uploads\/2024\/11\/Detoxil-Water.jpg","type":"image\/jpeg"}],"twitter_card":"summary_large_image","twitter_description":"[date_countdown]","twitter_misc":{"Tempo di lettura stimato":"5 minuti"},"schema":{"@context":"https:\/\/schema.org","@graph":[{"@type":"WebPage","@id":"https:\/\/www.bmvmedical.it\/farmacia\/farmacia\/apt\/detoxil-water\/","url":"https:\/\/www.bmvmedical.it\/farmacia\/farmacia\/apt\/detoxil-water\/","name":"Detoxil Water - Recensioni, Forum, Prezzo, Effetti, Farmacia | -50%","isPartOf":{"@id":"https:\/\/www.bmvmedical.it\/farmacia\/#website"},"primaryImageOfPage":{"@id":"https:\/\/www.bmvmedical.it\/farmacia\/farmacia\/apt\/detoxil-water\/#primaryimage"},"image":{"@id":"https:\/\/www.bmvmedical.it\/farmacia\/farmacia\/apt\/detoxil-water\/#primaryimage"},"thumbnailUrl":"https:\/\/www.bmvmedical.it\/farmacia\/wp-content\/uploads\/2024\/11\/Detoxil-Water.jpg","datePublished":"2024-11-06T00:29:12+00:00","dateModified":"2025-10-31T08:55:16+00:00","breadcrumb":{"@id":"https:\/\/www.bmvmedical.it\/farmacia\/farmacia\/apt\/detoxil-water\/#breadcrumb"},"inLanguage":"it-IT","potentialAction":[{"@type":"ReadAction","target":["https:\/\/www.bmvmedical.it\/farmacia\/farmacia\/apt\/detoxil-water\/"]}]},{"@type":"ImageObject","inLanguage":"it-IT","@id":"https:\/\/www.bmvmedical.it\/farmacia\/farmacia\/apt\/detoxil-water\/#primaryimage","url":"https:\/\/www.bmvmedical.it\/farmacia\/wp-content\/uploads\/2024\/11\/Detoxil-Water.jpg","contentUrl":"https:\/\/www.bmvmedical.it\/farmacia\/wp-content\/uploads\/2024\/11\/Detoxil-Water.jpg","width":768,"height":768},{"@type":"BreadcrumbList","@id":"https:\/\/www.bmvmedical.it\/farmacia\/farmacia\/apt\/detoxil-water\/#breadcrumb","itemListElement":[{"@type":"ListItem","position":1,"name":"Strona g\u0142\u00f3wna","item":"https:\/\/www.bmvmedical.it\/farmacia\/"},{"@type":"ListItem","position":2,"name":"Prodotti","item":"https:\/\/www.bmvmedical.it\/farmacia\/"},{"@type":"ListItem","position":3,"name":"Detoxil Water"}]},{"@type":"WebSite","@id":"https:\/\/www.bmvmedical.it\/farmacia\/#website","url":"https:\/\/www.bmvmedical.it\/farmacia\/","name":"BMVMEDICAL","description":"","potentialAction":[{"@type":"SearchAction","target":{"@type":"EntryPoint","urlTemplate":"https:\/\/www.bmvmedical.it\/farmacia\/?s={search_term_string}"},"query-input":{"@type":"PropertyValueSpecification","valueRequired":true,"valueName":"search_term_string"}}],"inLanguage":"it-IT"}]}},"_links":{"self":[{"href":"https:\/\/www.bmvmedical.it\/farmacia\/wp-json\/wp\/v2\/product\/12466","targetHints":{"allow":["GET"]}}],"collection":[{"href":"https:\/\/www.bmvmedical.it\/farmacia\/wp-json\/wp\/v2\/product"}],"about":[{"href":"https:\/\/www.bmvmedical.it\/farmacia\/wp-json\/wp\/v2\/types\/product"}],"replies":[{"embeddable":true,"href":"https:\/\/www.bmvmedical.it\/farmacia\/wp-json\/wp\/v2\/comments?post=12466"}],"wp:featuredmedia":[{"embeddable":true,"href":"https:\/\/www.bmvmedical.it\/farmacia\/wp-json\/wp\/v2\/media\/12465"}],"wp:attachment":[{"href":"https:\/\/www.bmvmedical.it\/farmacia\/wp-json\/wp\/v2\/media?parent=12466"}],"wp:term":[{"taxonomy":"product_brand","embeddable":true,"href":"https:\/\/www.bmvmedical.it\/farmacia\/wp-json\/wp\/v2\/product_brand?post=12466"},{"taxonomy":"product_cat","embeddable":true,"href":"https:\/\/www.bmvmedical.it\/farmacia\/wp-json\/wp\/v2\/product_cat?post=12466"},{"taxonomy":"product_tag","embeddable":true,"href":"https:\/\/www.bmvmedical.it\/farmacia\/wp-json\/wp\/v2\/product_tag?post=12466"}],"curies":[{"name":"wp","href":"https:\/\/api.w.org\/{rel}","templated":true}]}}