{"id":12667,"date":"2025-01-20T10:50:33","date_gmt":"2025-01-20T09:50:33","guid":{"rendered":"https:\/\/studiomedicobordignon.it\/farmacia\/?post_type=product&#038;p=12667"},"modified":"2025-10-31T09:55:15","modified_gmt":"2025-10-31T08:55:15","slug":"eroboost","status":"publish","type":"product","link":"https:\/\/www.bmvmedical.it\/farmacia\/farmacia\/apt\/eroboost\/","title":{"rendered":"Eroboost"},"content":{"rendered":"<h2 class=\"wp-block-heading\">Che cos&#8217;\u00e8 Eroboost e come funziona?<\/h2>\n\n\n<p><b>Eroboost<\/b> \u00e8 un integratore innovativo per la potenza, pensato per gli uomini che desiderano aumentare la <b>libido<\/b> e migliorare il loro benessere generale. L <b>&#8216;azione di<\/b> Eroboost si basa sull&#8217;effetto sinergico dei principi attivi, che insieme formano una potente formula di supporto alla vita intima.<\/p>\n\n\n<p>L&#8217;ingrediente principale di Eroboost \u00e8 la L-arginina, un aminoacido che favorisce la produzione di ossido nitrico. Grazie alla sua presenza, i vasi sanguigni si dilatano, il che si traduce in una migliore circolazione sanguigna. Questo, a sua volta, aumenta <b>la potenza<\/b> e le prestazioni sessuali.<\/p>\n\n\n<p>Anche il ruolo degli estratti vegetali nella composizione di Eroboost non pu\u00f2 essere ignorato. Ingredienti come la maca e il ginseng mostrano un effetto positivo sulla <b>libido<\/b>, con l&#8217;obiettivo di aumentare l&#8217;energia e la vitalit\u00e0. L&#8217;assunzione regolare di questo preparato consente di ottenere effetti evidenti, migliorando la qualit\u00e0 della vita intima.<\/p>\n\n\n<h2 class=\"wp-block-heading\">Effetti di Eroboost<\/h2>\n\n\n<p><b>Gli effetti di<\/b> Eroboost si notano gi\u00e0 dopo pochi giorni di assunzione regolare. <b>Gli utilizzatori<\/b> riferiscono spesso un significativo miglioramento della libido, che si ripercuote positivamente sulla loro vita intima. Dopo circa due o tre settimane di assunzione, molti notano una maggiore vitalit\u00e0 e una migliore qualit\u00e0 dell&#8217;erezione. Gli studi indicano che Eroboost contribuisce a un miglioramento generale della <b>potenza<\/b>, che si traduce in una maggiore soddisfazione nelle relazioni di coppia.<\/p>\n\n\n<p>Vale la pena notare che il raggiungimento di risultati ottimali dipende dalla regolarit\u00e0 e dall&#8217;aderenza al dosaggio raccomandato. L <b>&#8216;uso<\/b> sistematico influisce sulla persistenza degli effetti, che possono contribuire a migliorare il benessere generale e le prestazioni sessuali. <b>Gli utilizzatori<\/b> indicano che gli <b>effetti<\/b> non solo migliorano la vita sessuale, ma influiscono anche sull&#8217;energia quotidiana e sulla motivazione alla prestazione.<\/p>\n\n\n<h2 class=\"wp-block-heading\">Dosaggio di Eroboost &#8211; Come si usa?<\/h2>\n\n\n<p>Il <em>dosaggio<\/em> consigliato <em>di<\/em> Eroboost \u00e8 di una capsula al giorno. Per ottenere <em>risultati<\/em> ottimali, l&#8217;<em>uso<\/em> deve proseguire per almeno 30 giorni. Durante questo periodo \u00e8 importante che <b>l&#8217;utente<\/b> segua le istruzioni contenute nel <em>foglietto illustrativo<\/em>.<\/p>\n\n\n<p>L&#8217;uso regolare di Eroboost ha un effetto positivo sulla libido e sulla qualit\u00e0 generale della vita intima. Un <em>dosaggio<\/em> appropriato pu\u00f2 aiutare a evitare effetti collaterali indesiderati, rendendo il processo pi\u00f9 efficace.<\/p>\n\n\n<figure class=\"wp-block-table\"><table class=\"has-fixed-layout\"><tbody><tr><th>Indicazione<\/th><th>Dosaggio<\/th><th>Ora di applicazione<\/th><\/tr><tr><td>Eroboost<\/td><td>1 capsula al giorno<\/td><td>Min. 30 giorni<\/td><\/tr><tr><td><b>Risultati<\/b> ottimali<\/td><td>Assunzione giornaliera<\/td><td>Per tutto il periodo di applicazione<\/td><\/tr><\/tbody><\/table><\/figure>\n\n\n<p>Il rispetto di questi principi garantisce il massimo beneficio dall&#8217;integrazione e gli effetti saranno visibili dopo il tempo consigliato. Vale la pena di prestare attenzione all&#8217;<em>uso<\/em> appropriato della formula per supportare efficacemente le proprie esigenze di salute.<\/p>\n\n\n<h2 class=\"wp-block-heading\">Eroboost &#8211; Recensioni degli utenti, forum &#8211; Cosa dicono gli utenti?<\/h2>\n\n\n<p>Le <b>recensioni<\/b> degli utenti su Eroboost sono prevalentemente positive. Ci sono molte testimonianze sui forum online che mostrano una variet\u00e0 di <b>esperienze<\/b>. Gli utenti condividono le loro sensazioni sull&#8217;uso di questo integratore. Molte persone notano un miglioramento significativo nella sfera intima, che influisce sulla loro fiducia e sulla qualit\u00e0 della loro vita sessuale.<\/p>\n\n\n<p>Sul <b>forum<\/b>, un utente ha notato che Eroboost lo ha aiutato a ritrovare la fiducia in se stesso, sottolineando come la sua relazione sia migliorata. Un altro utente ha descritto la sua esperienza: &#8220;Uso Eroboost da un mese, ho notato che la mia libido \u00e8 aumentata e le mie erezioni sono molto pi\u00f9 forti di prima&#8221;. Questi <b>feedback<\/b> testimoniano l&#8217;efficacia di questo prodotto nel migliorare la potenza.<\/p>\n\n\n<p>Secondo un altro <b>forum<\/b>, nonostante i dubbi iniziali, Eroboost ha sorpreso gli utenti con effetti positivi immediati e duraturi. Queste <b>esperienze<\/b> positive possono incoraggiare altri a provarlo, riflettendo il crescente interesse degli utenti per questo integratore.<\/p>\n\n\n<h2 class=\"wp-block-heading\">Eroboost &#8211; Composizione &#8211; Analisi degli ingredienti<\/h2>\n\n\n<p>Eroboost si distingue per la sua formulazione unica, basata su ingredienti naturali che supportano la funzione sessuale. Gli elementi chiave di questa formula sono Tongkat Ali, Horny Goat Weed, ginseng e maca. Ognuno di questi ingredienti svolge un ruolo importante nel migliorare la libido e le condizioni generali del corpo.<\/p>\n\n\n<p>L<b>&#8216;analisi degli<\/b> ingredienti mostra che la L-arginina, presente in Eroboost, favorisce la produzione di ossido nitrico. Questo, a sua volta, migliora la circolazione sanguigna, che \u00e8 la chiave per una migliore potenza. Il ginseng, a sua volta, agisce come adattogeno, ovvero aiuta l&#8217;organismo a sopportare meglio lo stress e la fatica.<\/p>\n\n\n<p>Altri <b>ingredienti naturali<\/b>, come la maca e l&#8217;Horny Goat Weed, favoriscono la resistenza, contribuendo ad aumentare l&#8217;energia e la vitalit\u00e0. In questo modo, Eroboost diventa un integratore efficace che pu\u00f2 avere un impatto positivo sulla vita intima degli utenti.<\/p>\n\n\n<h2 class=\"wp-block-heading\">Dove acquistare e Quanto costa Eroboost &#8211; prezzo<\/h2>\n\n\n<p>Eroboost \u00e8 disponibile esclusivamente presso il negozio online ufficiale del produttore. La possibilit\u00e0 di acquistare direttamente dal produttore ufficiale garantisce di ricevere un prodotto di alta qualit\u00e0 e di accedere alle promozioni in corso. \u00c8 bene ricordare che <b>il prezzo di<\/b> Eroboost pu\u00f2 variare a seconda delle offerte in corso. Visitare regolarmente il sito ufficiale del produttore vi aiuter\u00e0 a trovare le migliori condizioni di acquisto.<\/p>\n\n\n<p>A differenza di molti altri preparati, Eroboost non \u00e8 disponibile nelle farmacie. Pertanto, la questione di <em>dove acquistare<\/em> questo prodotto diventa cruciale. Per godere dell&#8217;autenticit\u00e0 e del pieno supporto del produttore, vale la pena puntare su un negozio ufficiale.<\/p>\n\n\n<h2 class=\"wp-block-heading\">Eroboost &#8211; Effetti collaterali e controindicazioni<\/h2>\n\n\n<p>Eroboost \u00e8 generalmente considerato un preparato sicuro, soprattutto se utilizzato secondo le raccomandazioni del produttore. Tuttavia, \u00e8 bene sottolineare che possono verificarsi <b>effetti collaterali<\/b>, soprattutto nelle persone con ipersensibilit\u00e0 ad alcuni componenti dell&#8217;integratore. Le persone che hanno sperimentato reazioni allergiche agli integratori alimentari dovrebbero affrontare l&#8217;uso di Eroboost con grande cautela.<\/p>\n\n\n<p>Le <b>controindicazioni<\/b> all&#8217;uso di Eroboost includono i pazienti che assumono farmaci ormonali o che fanno uso di anticoagulanti. Questi tipi di farmaci possono interagire con il prodotto, comportando ulteriori rischi per la salute. Pertanto, \u00e8 consigliabile consultare un medico prima di iniziare l&#8217;integrazione per garantire la <b>sicurezza<\/b> ed evitare effetti negativi.<\/p>\n\n\n<p>Con un uso corretto, Eroboost pu\u00f2 produrre effetti benefici per molti utenti. Allo stesso tempo, in caso di predisposizioni di salute individuali, \u00e8 necessario prestare particolare attenzione per evitare il rischio di effetti collaterali. \u00c8 consigliabile essere consapevoli della propria condizione e consultare sempre un esperto per massimizzare il potenziale del prodotto.<\/p>\n","protected":false},"excerpt":{"rendered":"<p><strong>[date_countdown]<\/strong><\/p>\n<p><img decoding=\"async\" class=\"alignnone wp-image-12574\" src=\"https:\/\/www.bmvmedical.it\/farmacia\/wp-content\/uploads\/2024\/11\/SAFE-PAY-300x88-1.png\" alt=\"SAFE-PAY-300x88\" width=\"201\" height=\"59\" \/><\/p>\n","protected":false},"featured_media":12668,"comment_status":"open","ping_status":"closed","template":"","meta":{"neve_meta_sidebar":"","neve_meta_container":"","neve_meta_enable_content_width":"","neve_meta_content_width":0,"neve_meta_title_alignment":"","neve_meta_author_avatar":"","neve_post_elements_order":"","neve_meta_disable_header":"","neve_meta_disable_footer":"","neve_meta_disable_title":""},"product_brand":[],"product_cat":[275,565],"product_tag":[],"class_list":{"0":"post-12667","1":"product","2":"type-product","3":"status-publish","4":"has-post-thumbnail","6":"product_cat-salute-sessuale","7":"product_cat-t","9":"first","10":"instock","11":"sale","12":"shipping-taxable","13":"product-type-external"},"yoast_head":"<!-- This site is optimized with the Yoast SEO plugin v27.4 - https:\/\/yoast.com\/product\/yoast-seo-wordpress\/ -->\n<title>Eroboost - Recensioni, Forum, Prezzo, Effetti, Farmacia | -50%<\/title>\n<meta name=\"robots\" content=\"index, follow, max-snippet:-1, max-image-preview:large, max-video-preview:-1\" \/>\n<link rel=\"canonical\" href=\"https:\/\/www.bmvmedical.it\/farmacia\/farmacia\/apt\/eroboost\/\" \/>\n<meta property=\"og:locale\" content=\"it_IT\" \/>\n<meta property=\"og:type\" content=\"article\" \/>\n<meta property=\"og:title\" content=\"Eroboost - Recensioni, Forum, Prezzo, Effetti, Farmacia | -50%\" \/>\n<meta property=\"og:url\" content=\"https:\/\/www.bmvmedical.it\/farmacia\/farmacia\/apt\/eroboost\/\" \/>\n<meta property=\"og:site_name\" content=\"BMVMEDICAL\" \/>\n<meta property=\"article:modified_time\" content=\"2025-10-31T08:55:15+00:00\" \/>\n<meta property=\"og:image\" content=\"https:\/\/www.bmvmedical.it\/farmacia\/wp-content\/uploads\/2025\/01\/Eroboost.png\" \/>\n\t<meta property=\"og:image:width\" content=\"768\" \/>\n\t<meta property=\"og:image:height\" content=\"768\" \/>\n\t<meta property=\"og:image:type\" content=\"image\/png\" \/>\n<meta name=\"twitter:card\" content=\"summary_large_image\" \/>\n<meta name=\"twitter:description\" content=\"[date_countdown]\" \/>\n<meta name=\"twitter:label1\" content=\"Tempo di lettura stimato\" \/>\n\t<meta name=\"twitter:data1\" content=\"1 minuto\" \/>\n<script type=\"application\/ld+json\" class=\"yoast-schema-graph\">{\"@context\":\"https:\\\/\\\/schema.org\",\"@graph\":[{\"@type\":\"WebPage\",\"@id\":\"https:\\\/\\\/www.bmvmedical.it\\\/farmacia\\\/farmacia\\\/apt\\\/eroboost\\\/\",\"url\":\"https:\\\/\\\/www.bmvmedical.it\\\/farmacia\\\/farmacia\\\/apt\\\/eroboost\\\/\",\"name\":\"Eroboost - Recensioni, Forum, Prezzo, Effetti, Farmacia | -50%\",\"isPartOf\":{\"@id\":\"https:\\\/\\\/www.bmvmedical.it\\\/farmacia\\\/#website\"},\"primaryImageOfPage\":{\"@id\":\"https:\\\/\\\/www.bmvmedical.it\\\/farmacia\\\/farmacia\\\/apt\\\/eroboost\\\/#primaryimage\"},\"image\":{\"@id\":\"https:\\\/\\\/www.bmvmedical.it\\\/farmacia\\\/farmacia\\\/apt\\\/eroboost\\\/#primaryimage\"},\"thumbnailUrl\":\"https:\\\/\\\/www.bmvmedical.it\\\/farmacia\\\/wp-content\\\/uploads\\\/2025\\\/01\\\/Eroboost.png\",\"datePublished\":\"2025-01-20T09:50:33+00:00\",\"dateModified\":\"2025-10-31T08:55:15+00:00\",\"breadcrumb\":{\"@id\":\"https:\\\/\\\/www.bmvmedical.it\\\/farmacia\\\/farmacia\\\/apt\\\/eroboost\\\/#breadcrumb\"},\"inLanguage\":\"it-IT\",\"potentialAction\":[{\"@type\":\"ReadAction\",\"target\":[\"https:\\\/\\\/www.bmvmedical.it\\\/farmacia\\\/farmacia\\\/apt\\\/eroboost\\\/\"]}]},{\"@type\":\"ImageObject\",\"inLanguage\":\"it-IT\",\"@id\":\"https:\\\/\\\/www.bmvmedical.it\\\/farmacia\\\/farmacia\\\/apt\\\/eroboost\\\/#primaryimage\",\"url\":\"https:\\\/\\\/www.bmvmedical.it\\\/farmacia\\\/wp-content\\\/uploads\\\/2025\\\/01\\\/Eroboost.png\",\"contentUrl\":\"https:\\\/\\\/www.bmvmedical.it\\\/farmacia\\\/wp-content\\\/uploads\\\/2025\\\/01\\\/Eroboost.png\",\"width\":768,\"height\":768,\"caption\":\"Eroboost\"},{\"@type\":\"BreadcrumbList\",\"@id\":\"https:\\\/\\\/www.bmvmedical.it\\\/farmacia\\\/farmacia\\\/apt\\\/eroboost\\\/#breadcrumb\",\"itemListElement\":[{\"@type\":\"ListItem\",\"position\":1,\"name\":\"Strona g\u0142\u00f3wna\",\"item\":\"https:\\\/\\\/www.bmvmedical.it\\\/farmacia\\\/\"},{\"@type\":\"ListItem\",\"position\":2,\"name\":\"Prodotti\",\"item\":\"https:\\\/\\\/www.bmvmedical.it\\\/farmacia\\\/\"},{\"@type\":\"ListItem\",\"position\":3,\"name\":\"Eroboost\"}]},{\"@type\":\"WebSite\",\"@id\":\"https:\\\/\\\/www.bmvmedical.it\\\/farmacia\\\/#website\",\"url\":\"https:\\\/\\\/www.bmvmedical.it\\\/farmacia\\\/\",\"name\":\"BMVMEDICAL\",\"description\":\"\",\"potentialAction\":[{\"@type\":\"SearchAction\",\"target\":{\"@type\":\"EntryPoint\",\"urlTemplate\":\"https:\\\/\\\/www.bmvmedical.it\\\/farmacia\\\/?s={search_term_string}\"},\"query-input\":{\"@type\":\"PropertyValueSpecification\",\"valueRequired\":true,\"valueName\":\"search_term_string\"}}],\"inLanguage\":\"it-IT\"}]}<\/script>\n<!-- \/ Yoast SEO plugin. -->","yoast_head_json":{"title":"Eroboost - Recensioni, Forum, Prezzo, Effetti, Farmacia | -50%","robots":{"index":"index","follow":"follow","max-snippet":"max-snippet:-1","max-image-preview":"max-image-preview:large","max-video-preview":"max-video-preview:-1"},"canonical":"https:\/\/www.bmvmedical.it\/farmacia\/farmacia\/apt\/eroboost\/","og_locale":"it_IT","og_type":"article","og_title":"Eroboost - Recensioni, Forum, Prezzo, Effetti, Farmacia | -50%","og_url":"https:\/\/www.bmvmedical.it\/farmacia\/farmacia\/apt\/eroboost\/","og_site_name":"BMVMEDICAL","article_modified_time":"2025-10-31T08:55:15+00:00","og_image":[{"width":768,"height":768,"url":"https:\/\/www.bmvmedical.it\/farmacia\/wp-content\/uploads\/2025\/01\/Eroboost.png","type":"image\/png"}],"twitter_card":"summary_large_image","twitter_description":"[date_countdown]","twitter_misc":{"Tempo di lettura stimato":"1 minuto"},"schema":{"@context":"https:\/\/schema.org","@graph":[{"@type":"WebPage","@id":"https:\/\/www.bmvmedical.it\/farmacia\/farmacia\/apt\/eroboost\/","url":"https:\/\/www.bmvmedical.it\/farmacia\/farmacia\/apt\/eroboost\/","name":"Eroboost - Recensioni, Forum, Prezzo, Effetti, Farmacia | -50%","isPartOf":{"@id":"https:\/\/www.bmvmedical.it\/farmacia\/#website"},"primaryImageOfPage":{"@id":"https:\/\/www.bmvmedical.it\/farmacia\/farmacia\/apt\/eroboost\/#primaryimage"},"image":{"@id":"https:\/\/www.bmvmedical.it\/farmacia\/farmacia\/apt\/eroboost\/#primaryimage"},"thumbnailUrl":"https:\/\/www.bmvmedical.it\/farmacia\/wp-content\/uploads\/2025\/01\/Eroboost.png","datePublished":"2025-01-20T09:50:33+00:00","dateModified":"2025-10-31T08:55:15+00:00","breadcrumb":{"@id":"https:\/\/www.bmvmedical.it\/farmacia\/farmacia\/apt\/eroboost\/#breadcrumb"},"inLanguage":"it-IT","potentialAction":[{"@type":"ReadAction","target":["https:\/\/www.bmvmedical.it\/farmacia\/farmacia\/apt\/eroboost\/"]}]},{"@type":"ImageObject","inLanguage":"it-IT","@id":"https:\/\/www.bmvmedical.it\/farmacia\/farmacia\/apt\/eroboost\/#primaryimage","url":"https:\/\/www.bmvmedical.it\/farmacia\/wp-content\/uploads\/2025\/01\/Eroboost.png","contentUrl":"https:\/\/www.bmvmedical.it\/farmacia\/wp-content\/uploads\/2025\/01\/Eroboost.png","width":768,"height":768,"caption":"Eroboost"},{"@type":"BreadcrumbList","@id":"https:\/\/www.bmvmedical.it\/farmacia\/farmacia\/apt\/eroboost\/#breadcrumb","itemListElement":[{"@type":"ListItem","position":1,"name":"Strona g\u0142\u00f3wna","item":"https:\/\/www.bmvmedical.it\/farmacia\/"},{"@type":"ListItem","position":2,"name":"Prodotti","item":"https:\/\/www.bmvmedical.it\/farmacia\/"},{"@type":"ListItem","position":3,"name":"Eroboost"}]},{"@type":"WebSite","@id":"https:\/\/www.bmvmedical.it\/farmacia\/#website","url":"https:\/\/www.bmvmedical.it\/farmacia\/","name":"BMVMEDICAL","description":"","potentialAction":[{"@type":"SearchAction","target":{"@type":"EntryPoint","urlTemplate":"https:\/\/www.bmvmedical.it\/farmacia\/?s={search_term_string}"},"query-input":{"@type":"PropertyValueSpecification","valueRequired":true,"valueName":"search_term_string"}}],"inLanguage":"it-IT"}]}},"_links":{"self":[{"href":"https:\/\/www.bmvmedical.it\/farmacia\/wp-json\/wp\/v2\/product\/12667","targetHints":{"allow":["GET"]}}],"collection":[{"href":"https:\/\/www.bmvmedical.it\/farmacia\/wp-json\/wp\/v2\/product"}],"about":[{"href":"https:\/\/www.bmvmedical.it\/farmacia\/wp-json\/wp\/v2\/types\/product"}],"replies":[{"embeddable":true,"href":"https:\/\/www.bmvmedical.it\/farmacia\/wp-json\/wp\/v2\/comments?post=12667"}],"wp:featuredmedia":[{"embeddable":true,"href":"https:\/\/www.bmvmedical.it\/farmacia\/wp-json\/wp\/v2\/media\/12668"}],"wp:attachment":[{"href":"https:\/\/www.bmvmedical.it\/farmacia\/wp-json\/wp\/v2\/media?parent=12667"}],"wp:term":[{"taxonomy":"product_brand","embeddable":true,"href":"https:\/\/www.bmvmedical.it\/farmacia\/wp-json\/wp\/v2\/product_brand?post=12667"},{"taxonomy":"product_cat","embeddable":true,"href":"https:\/\/www.bmvmedical.it\/farmacia\/wp-json\/wp\/v2\/product_cat?post=12667"},{"taxonomy":"product_tag","embeddable":true,"href":"https:\/\/www.bmvmedical.it\/farmacia\/wp-json\/wp\/v2\/product_tag?post=12667"}],"curies":[{"name":"wp","href":"https:\/\/api.w.org\/{rel}","templated":true}]}}